{"id":984,"date":"2024-06-06T13:24:33","date_gmt":"2024-06-06T11:24:33","guid":{"rendered":"https:\/\/chatflow.agency\/ai-photobooth-solutions\/ai-photobooth-blog\/ai-photobooth-innovations\/"},"modified":"2024-06-06T13:24:33","modified_gmt":"2024-06-06T11:24:33","slug":"ki-fotoautomaten-innovationen","status":"publish","type":"page","link":"https:\/\/chatflow.agency\/de\/ki-fotoautomaten-losungen\/ki-fotoautomaten-blog\/ki-fotoautomaten-innovationen\/","title":{"rendered":"KI-Fotoautomaten-Innovationen"},"content":{"rendered":"<p>Die Welt der Fotoautomaten erlebt dank der Integration modernster KI-Technologie einen bemerkenswerten Wandel. Die Innovationen bei KI-Fotoautomaten verschieben nicht nur Grenzen, sie setzen auch neue Ma\u00dfst\u00e4be f\u00fcr das, was beim Festhalten von Erinnerungen m\u00f6glich ist. Dieser Blog befasst sich mit den Fotoautomaten-Erlebnissen der n\u00e4chsten Generation, die durch k\u00fcnstliche Intelligenz angetrieben werden und Events und pers\u00f6nliche Fotografie neu gestalten.<\/p>\n<h2>Die Zukunft der Fotoautomaten mit KI<\/h2>\n<p>In Zukunft wird das immersive Fotoautomaten-Erlebnis immer raffinierter und pers\u00f6nlicher. Vorbei sind die Zeiten, in denen Fotoautomaten nur eine Kulisse zum Posieren und Dr\u00fccken eines Knopfes waren. KI-Fotoautomaten-Innovationen bringen \u00fcberraschende Ebenen der Raffinesse mit sich:<\/p>\n<ul>\n<li><strong>Intelligente Filter<\/strong>: Diese Fotoautomaten sind mit intelligenten Filtern ausgestattet, die sich je nach Umgebung und Personen im Bild anpassen. Sie sorgen daf\u00fcr, dass jede Aufnahme perfekt wird, und machen eine nachtr\u00e4gliche Bearbeitung praktisch \u00fcberfl\u00fcssig.<\/li>\n<li><strong>Gesichtserkennung<\/strong>: Diese Technologie erm\u00f6glicht es der Fotokabine, Gesichter zu erkennen und Posen oder Themen vorzuschlagen, die am besten zur Gruppe oder Einzelperson passen k\u00f6nnten.<\/li>\n<li><strong>Emotionserkennung<\/strong>: Fotoautomaten k\u00f6nnen jetzt die Emotionen der Motive erfassen und Verbesserungen anbieten, die ihre Stimmung widerspiegeln. Gl\u00fcckliche, traurige oder aufgeregte Momente werden alle authentisch festgehalten.<\/li>\n<li><strong>Interaktive erweiterte Realit\u00e4t (AR)<\/strong>: Durch die Einbindung von AR k\u00f6nnen Fotoautomaten interaktive und fantasievolle Hintergr\u00fcnde in Echtzeit erzeugen und so ein unvergleichliches, immersives Fotoautomaten-Erlebnis bieten.<\/li>\n<\/ul>\n<h2>Fotoautomaten-Funktionen der n\u00e4chsten Generation<\/h2>\n<p>In den hochmodernen KI-Fotoautomaten von heute geht es nicht nur um das Aufnehmen von Fotos; es handelt sich um einen integrierten Entertainment-Hub, der eine Reihe von Funktionen bietet:<\/p>\n<ul>\n<li><strong>Sofortiges Teilen<\/strong>: Fotos k\u00f6nnen sofort auf Social-Media-Plattformen geteilt werden, sodass G\u00e4ste den Spa\u00df sofort mit Freunden und Followern teilen k\u00f6nnen.<\/li>\n<li><strong>Anpassung<\/strong>: \u00dcber Filter und AR hinaus k\u00f6nnen Benutzer Vorlagen, Rahmen und Themen anpassen, um sie an die \u00c4sthetik ihrer Veranstaltung anzupassen.<\/li>\n<li><strong>Analyse<\/strong>: F\u00fcr Eventplaner bieten KI-Fotokabinen wertvolle Datenanalysen zum Engagement und den Pr\u00e4ferenzen der Benutzer und helfen so dabei, zuk\u00fcnftige Events f\u00fcr noch bessere Erlebnisse zu gestalten.<\/li>\n<li><strong>Fernzugriff<\/strong>: Steuern Sie die Fotokabine aus der Ferne und geben Sie den Bedienern die M\u00f6glichkeit, den Betrieb auch aus der Ferne reibungslos zu verwalten.<\/li>\n<\/ul>\n<h2>Warum sollten Sie sich f\u00fcr AI-Fotoautomaten entscheiden?<\/h2>\n<p>Die Verschmelzung von KI mit herk\u00f6mmlicher Fotoautomaten-Technologie bietet beispiellose Vorteile:<\/p>\n<ul>\n<li><strong>Verbessertes Benutzererlebnis<\/strong>: Der Grad der Personalisierung und Interaktion macht es f\u00fcr die Benutzer zu einem unvergesslichen Erlebnis.<\/li>\n<li><strong>Effizienz<\/strong>: Automatisierte Funktionen beschleunigen den Fotoaufnahmevorgang, verk\u00fcrzen die Wartezeiten und erh\u00f6hen die Zufriedenheit.<\/li>\n<li><strong>Attraktivit\u00e4t<\/strong>: KI-Funktionen sorgen f\u00fcr Aufsehen und machen diese Fotoautomaten zu einem Hit auf jeder Veranstaltung.<\/li>\n<li><strong>Einpr\u00e4gsamkeit<\/strong>: Fotos sind nicht nur Bilder; sie werden zu wertvollen Erinnerungen, bereichert durch die F\u00e4higkeit der KI, die Essenz des Augenblicks einzufangen.<\/li>\n<\/ul>\n<p>Zusammenfassend l\u00e4sst sich sagen, dass die Fortschritte in der KI-Fotoautomaten-Technologie einen bedeutenden Meilenstein in der Entwicklung von Fotoautomaten darstellen. Egal, ob Sie eine Hochzeit, eine Firmenveranstaltung oder eine zwanglose Party veranstalten, die Integration eines KI-Fotoautomaten kann das Erlebnis erheblich verbessern. Sind Sie bereit, Ihre Veranstaltung auf die n\u00e4chste Stufe zu heben?<\/p>\n<p><a href=\"#call-cta\" class=\"cta-button\">klicken Sie hier<\/a> um unsere KI-Fotoautomaten-Optionen zu erkunden und einen f\u00fcr Ihre n\u00e4chste Veranstaltung zu buchen!<\/p>","protected":false},"excerpt":{"rendered":"<p>The world of photobooths is experiencing a remarkable transformation thanks to the integration of cutting-edge AI technology. The innovations in AI Photobooths are not just pushing boundaries; they are setting new standards for what is possible in capturing memories. This blog delves into the next-generation photobooth experiences powered by artificial intelligence, reshaping events and personal [&hellip;]<\/p>\n","protected":false},"author":1,"featured_media":0,"parent":981,"menu_order":0,"comment_status":"closed","ping_status":"closed","template":"","meta":{"footnotes":""},"folder":[9],"class_list":["post-984","page","type-page","status-publish","hentry"],"blocksy_meta":[],"_links":{"self":[{"href":"https:\/\/chatflow.agency\/de\/wp-json\/wp\/v2\/pages\/984","targetHints":{"allow":["GET"]}}],"collection":[{"href":"https:\/\/chatflow.agency\/de\/wp-json\/wp\/v2\/pages"}],"about":[{"href":"https:\/\/chatflow.agency\/de\/wp-json\/wp\/v2\/types\/page"}],"author":[{"embeddable":true,"href":"https:\/\/chatflow.agency\/de\/wp-json\/wp\/v2\/users\/1"}],"replies":[{"embeddable":true,"href":"https:\/\/chatflow.agency\/de\/wp-json\/wp\/v2\/comments?post=984"}],"version-history":[{"count":0,"href":"https:\/\/chatflow.agency\/de\/wp-json\/wp\/v2\/pages\/984\/revisions"}],"up":[{"embeddable":true,"href":"https:\/\/chatflow.agency\/de\/wp-json\/wp\/v2\/pages\/981"}],"wp:attachment":[{"href":"https:\/\/chatflow.agency\/de\/wp-json\/wp\/v2\/media?parent=984"}],"wp:term":[{"taxonomy":"folder","embeddable":true,"href":"https:\/\/chatflow.agency\/de\/wp-json\/wp\/v2\/folder?post=984"}],"curies":[{"name":"wp","href":"https:\/\/api.w.org\/{rel}","templated":true}]}}