{"id":974,"date":"2024-06-06T13:22:46","date_gmt":"2024-06-06T11:22:46","guid":{"rendered":"https:\/\/chatflow.agency\/ai-photobooth-solutions\/ai-photobooth-services\/ai-photobooth-services-in-osterreich\/ai-photobooth-in-linz\/"},"modified":"2024-06-06T13:22:46","modified_gmt":"2024-06-06T11:22:46","slug":"ai-photobooth-in-linz","status":"publish","type":"page","link":"https:\/\/chatflow.agency\/de\/ki-fotoautomaten-losungen\/ki-fotoautomaten-dienste\/ki-fotoautomaten-dienste-in-osterreich\/ai-photobooth-in-linz\/","title":{"rendered":"KI-Fotoautomat in Linz"},"content":{"rendered":"<p>M\u00f6chten Sie Ihrer Veranstaltung in Linz etwas Hightech-Spa\u00df verleihen? Unsere AI Photobooth-Dienste in Linz bieten Fotoerlebnisse der n\u00e4chsten Generation, die Ihre G\u00e4ste nie vergessen werden.<\/p>","protected":false},"excerpt":{"rendered":"<p>M\u00f6chten Sie Ihrer Veranstaltung in Linz etwas Hightech-Spa\u00df verleihen? Unsere AI Photobooth-Dienste in Linz bieten Fotoerlebnisse der n\u00e4chsten Generation, die Ihre G\u00e4ste nie vergessen werden.<\/p>","protected":false},"author":1,"featured_media":0,"parent":969,"menu_order":0,"comment_status":"closed","ping_status":"closed","template":"","meta":{"footnotes":""},"folder":[9],"class_list":["post-974","page","type-page","status-publish","hentry"],"blocksy_meta":[],"_links":{"self":[{"href":"https:\/\/chatflow.agency\/de\/wp-json\/wp\/v2\/pages\/974","targetHints":{"allow":["GET"]}}],"collection":[{"href":"https:\/\/chatflow.agency\/de\/wp-json\/wp\/v2\/pages"}],"about":[{"href":"https:\/\/chatflow.agency\/de\/wp-json\/wp\/v2\/types\/page"}],"author":[{"embeddable":true,"href":"https:\/\/chatflow.agency\/de\/wp-json\/wp\/v2\/users\/1"}],"replies":[{"embeddable":true,"href":"https:\/\/chatflow.agency\/de\/wp-json\/wp\/v2\/comments?post=974"}],"version-history":[{"count":0,"href":"https:\/\/chatflow.agency\/de\/wp-json\/wp\/v2\/pages\/974\/revisions"}],"up":[{"embeddable":true,"href":"https:\/\/chatflow.agency\/de\/wp-json\/wp\/v2\/pages\/969"}],"wp:attachment":[{"href":"https:\/\/chatflow.agency\/de\/wp-json\/wp\/v2\/media?parent=974"}],"wp:term":[{"taxonomy":"folder","embeddable":true,"href":"https:\/\/chatflow.agency\/de\/wp-json\/wp\/v2\/folder?post=974"}],"curies":[{"name":"wp","href":"https:\/\/api.w.org\/{rel}","templated":true}]}}