{"id":968,"date":"2024-06-06T13:21:51","date_gmt":"2024-06-06T11:21:51","guid":{"rendered":"https:\/\/chatflow.agency\/ai-photobooth-solutions\/ai-photobooth-services\/"},"modified":"2024-06-15T10:31:16","modified_gmt":"2024-06-15T08:31:16","slug":"ki-fotoautomaten-dienste","status":"publish","type":"page","link":"https:\/\/chatflow.agency\/de\/ki-fotoautomaten-losungen\/ki-fotoautomaten-dienste\/","title":{"rendered":"Standorte von AI Photobooth Services"},"content":{"rendered":"<p><br>Entdecken Sie die n\u00e4chste Generation von Fotoautomaten-Erlebnissen, die durch modernste k\u00fcnstliche Intelligenz verbessert werden. Unsere Dienste eignen sich perfekt f\u00fcr jede Veranstaltung, von Hochzeiten und Firmenveranstaltungen bis hin zu Partys und Werbeveranstaltungen. Sehen Sie sich unten unsere Angebote an, um das ideale Fotoautomaten-Erlebnis f\u00fcr Ihre Bed\u00fcrfnisse zu finden.<\/p>\n\n\n<ul class=\"wp-block-page-list\"><li class=\"wp-block-pages-list__item has-child\"><a class=\"wp-block-pages-list__item__link\" href=\"https:\/\/chatflow.agency\/de\/ki-fotoautomaten-losungen\/ki-fotoautomaten-dienste\/ki-fotoautomaten-dienste-in-osterreich\/\">AI Photobooth-Dienste in \u00d6sterreich<\/a><ul class=\"wp-block-navigation__submenu-container\"><li class=\"wp-block-pages-list__item\"><a class=\"wp-block-pages-list__item__link\" href=\"https:\/\/chatflow.agency\/de\/ki-fotoautomaten-losungen\/ki-fotoautomaten-dienste\/ki-fotoautomaten-dienste-in-osterreich\/ki-fotoautomat-in-innsbruck\/\">KI-Fotoautomat in Innsbruck<\/a><\/li><li class=\"wp-block-pages-list__item\"><a class=\"wp-block-pages-list__item__link\" href=\"https:\/\/chatflow.agency\/de\/ki-fotoautomaten-losungen\/ki-fotoautomaten-dienste\/ki-fotoautomaten-dienste-in-osterreich\/ai-photobooth-in-kufstein\/\">KI Photobooth in Kufstein<\/a><\/li><li class=\"wp-block-pages-list__item\"><a class=\"wp-block-pages-list__item__link\" href=\"https:\/\/chatflow.agency\/de\/ki-fotoautomaten-losungen\/ki-fotoautomaten-dienste\/ki-fotoautomaten-dienste-in-osterreich\/ai-photobooth-in-linz\/\">KI-Fotoautomat in Linz<\/a><\/li><li class=\"wp-block-pages-list__item\"><a class=\"wp-block-pages-list__item__link\" href=\"https:\/\/chatflow.agency\/de\/ki-fotoautomaten-losungen\/ki-fotoautomaten-dienste\/ki-fotoautomaten-dienste-in-osterreich\/ki-fotobooth-in-salzburg\/\">KI-Fotoautomat in Salzburg<\/a><\/li><li class=\"wp-block-pages-list__item\"><a class=\"wp-block-pages-list__item__link\" href=\"https:\/\/chatflow.agency\/de\/ki-fotoautomaten-losungen\/ki-fotoautomaten-dienste\/ki-fotoautomaten-dienste-in-osterreich\/ai-fotoautomat-in-st-polten\/\">KI-Fotobox in St. P\u00f6lten<\/a><\/li><li class=\"wp-block-pages-list__item\"><a class=\"wp-block-pages-list__item__link\" href=\"https:\/\/chatflow.agency\/de\/ki-fotoautomaten-losungen\/ki-fotoautomaten-dienste\/ki-fotoautomaten-dienste-in-osterreich\/ai-photobooth-in-wien\/\">KI-Fotoautomat in Wien<\/a><\/li><\/ul><\/li><li class=\"wp-block-pages-list__item has-child\"><a class=\"wp-block-pages-list__item__link\" href=\"https:\/\/chatflow.agency\/de\/ki-fotoautomaten-losungen\/ki-fotoautomaten-dienste\/ki-fotoautomaten-dienste-in-deutschland\/\">KI-Fotoautomaten-Dienste in Deutschland<\/a><ul class=\"wp-block-navigation__submenu-container\"><li class=\"wp-block-pages-list__item\"><a class=\"wp-block-pages-list__item__link\" href=\"https:\/\/chatflow.agency\/de\/ki-fotoautomaten-losungen\/ki-fotoautomaten-dienste\/ki-fotoautomaten-dienste-in-deutschland\/ki-fotoautomat-in-munchen\/\">KI-Fotoautomat in M\u00fcnchen<\/a><\/li><li class=\"wp-block-pages-list__item\"><a class=\"wp-block-pages-list__item__link\" href=\"https:\/\/chatflow.agency\/de\/ki-fotoautomaten-losungen\/ki-fotoautomaten-dienste\/ki-fotoautomaten-dienste-in-deutschland\/ai-fotobooth-in-passau\/\">KI-Fotobox in Passau<\/a><\/li><li class=\"wp-block-pages-list__item\"><a class=\"wp-block-pages-list__item__link\" href=\"https:\/\/chatflow.agency\/de\/ki-fotoautomaten-losungen\/ki-fotoautomaten-dienste\/ki-fotoautomaten-dienste-in-deutschland\/ki-fotoautomat-in-rosenheim\/\">KI-Fotobox in Rosenheim<\/a><\/li><\/ul><\/li><\/ul>\n\n\n<div class=\"wp-block-stackable-heading stk-block-heading stk-block-heading--v2 stk-block stk-a27189b\" id=\"discover-various-opportunities-for-your-ai-photobooth-event\" data-block-id=\"a27189b\"><h3 class=\"stk-block-heading__text\">Entdecken Sie die vielf\u00e4ltigen M\u00f6glichkeiten f\u00fcr Ihr AI Photobooth-Event<\/h3><\/div>\n\n\n\n<h4 class=\"wp-block-heading\"><a href=\"https:\/\/chatflow.agency\/de\/ki-fotoautomaten-losungen\/anwendungsfalle-fur-ki-fotoautomaten\/ki-fotoautomat-fur-hochzeiten\/\" data-type=\"page\" data-id=\"959\">KI-Fotoautomat f\u00fcr Hochzeiten<\/a><\/h4>\n\n\n\n<p><strong>Machen Sie Ihren besonderen Tag unvergesslich<\/strong> Unsere Hochzeits-KI-Fotokabine verleiht Ihrer Hochzeit eine einzigartige Note und nimmt wundersch\u00f6ne, hochaufl\u00f6sende Bilder mit benutzerdefinierten Filtern und Hintergr\u00fcnden auf, die auf Ihr Thema zugeschnitten sind.<\/p>\n\n\n\n<p><em>Platzhalter fuer Bild:<\/em> Eine l\u00e4chelnde Braut und ein Br\u00e4utigam vor einer wundersch\u00f6n dekorierten KI-Fotokabine mit Blumenthema, die benutzerdefinierte Hintergr\u00fcnde und Filter zeigt, die zum Hochzeitsthema passen.<\/p>\n\n\n\n<hr class=\"wp-block-separator has-alpha-channel-opacity\"\/>\n\n\n\n<h4 class=\"wp-block-heading\"><a href=\"https:\/\/chatflow.agency\/de\/ki-fotoautomaten-losungen\/anwendungsfalle-fur-ki-fotoautomaten\/ki-fotoautomat-fur-firmenveranstaltungen\/\" data-type=\"page\" data-id=\"960\">KI-Fotoautomat f\u00fcr Firmenveranstaltungen<\/a><\/h4>\n\n\n\n<p><strong>Professionell und unterhaltsam<\/strong> Steigern Sie das Engagement bei Ihrer Firmenveranstaltung mit unserer AI Photobooth. Sie eignet sich perfekt f\u00fcr Teambuilding-Events, Konferenzen und Firmenfeiern und bietet Marken-Fotoerlebnisse und Optionen zum sofortigen Teilen.<\/p>\n\n\n\n<p><em>Platzhalter fuer Bild:<\/em> Fachleute bei einer Firmenveranstaltung, die die Fotokabine mit einem Markenhintergrund mit dem Firmenlogo verwenden, und Menschen, die ihre Fotos gerne in sozialen Medien teilen.<\/p>\n\n\n\n<hr class=\"wp-block-separator has-alpha-channel-opacity\"\/>\n\n\n\n<h4 class=\"wp-block-heading\"><a href=\"https:\/\/chatflow.agency\/de\/ki-fotoautomaten-losungen\/anwendungsfalle-fur-ki-fotoautomaten\/ki-fotoautomat-fur-partys\/\" data-type=\"page\" data-id=\"961\">Party-KI-Fotoautomat<\/a><\/h4>\n\n\n\n<p><strong>Werten Sie Ihre Feier auf<\/strong> Machen Sie Ihre Party mit unserer AI Photobooth zum Stadtgespr\u00e4ch. Ob Geburtstag, Jubil\u00e4um oder Feiertagsparty, unsere Photobooth bietet lustige Requisiten, dynamische Filter und Sofortdrucke.<\/p>\n\n\n\n<p><em>Platzhalter fuer Bild:<\/em> Eine lebhafte Partyszene mit G\u00e4sten, die lustige Requisiten verwenden und Spa\u00df in der Fotokabine haben, mit lebendigen und dynamischen Fotofiltern, die auf dem Bildschirm angezeigt werden.<\/p>\n\n\n\n<hr class=\"wp-block-separator has-alpha-channel-opacity\"\/>\n\n\n\n<h4 class=\"wp-block-heading\"><a href=\"https:\/\/chatflow.agency\/de\/ki-fotoautomaten-losungen\/anwendungsfalle-fur-ki-fotoautomaten\/ki-fotoautomat-fur-virtuelle-events\/\" data-type=\"page\" data-id=\"963\">Werbeveranstaltung KI-Fotoautomat<\/a><\/h4>\n\n\n\n<p><strong>Steigern Sie das Markenengagement<\/strong> Unsere AI Photobooth ist ein hervorragendes Tool f\u00fcr Werbeveranstaltungen, mit dem Sie Aufmerksamkeit erregen und Ihr Publikum einbeziehen k\u00f6nnen. Sie bietet individuelle Branding-Optionen, Datenerfassung und Social-Media-Integration.<\/p>\n\n\n\n<p><em>Platzhalter fuer Bild:<\/em> Ein Werbeevent mit einer KI-Fotokabine, die mit Firmenlogos und -produkten versehen ist und G\u00e4ste zeigt, wie sie interagieren und ihre Markenfotos in den sozialen Medien teilen.<\/p>\n\n\n\n<hr class=\"wp-block-separator has-alpha-channel-opacity\"\/>\n\n\n\n<h3 class=\"wp-block-heading\">Warum sollten Sie sich f\u00fcr unsere KI-Fotoautomatendienste entscheiden?<\/h3>\n\n\n\n<ul class=\"wp-block-list\">\n<li><strong>Fortschrittliche KI-Technologie<\/strong>: Unsere Fotokabinen nutzen die neueste KI-Technologie, um die Fotoqualit\u00e4t zu verbessern, dynamische Filter bereitzustellen und Bearbeitungsoptionen in Echtzeit zu bieten.<\/li>\n\n\n\n<li><strong>Anpassbare Optionen<\/strong>: Passen Sie das Fotoautomaten-Erlebnis mit benutzerdefinierten Hintergr\u00fcnden, Requisiten und Branding an das Thema Ihrer Veranstaltung an.<\/li>\n\n\n\n<li><strong>Sofortiges Teilen<\/strong>: G\u00e4ste k\u00f6nnen ihre Fotos sofort in sozialen Medien teilen und so die Reichweite Ihrer Veranstaltung erh\u00f6hen.<\/li>\n\n\n\n<li><strong>Datensammlung<\/strong>: Erfassen Sie wertvolle Daten und Erkenntnisse aus Ihrer Veranstaltung f\u00fcr zuk\u00fcnftige Marketingma\u00dfnahmen.<\/li>\n<\/ul>\n\n\n\n<p><em>Platzhalter fuer Bild:<\/em> Eine Collage, die verschiedene Events zeigt, bei denen die KI-Fotokabine verwendet wird, und die die Vielseitigkeit und Anpassbarkeit des Dienstes hervorhebt.<\/p>","protected":false},"excerpt":{"rendered":"<p>Discover the next generation of photo booth experiences enhanced by cutting-edge artificial intelligence. Our services are perfect for any event, from weddings and corporate gatherings to parties and promotional events. Explore our offerings below to find the ideal photobooth experience for your needs. Discover various opportunities for your AI Photobooth event Wedding AI Photobooth Make [&hellip;]<\/p>\n","protected":false},"author":1,"featured_media":0,"parent":955,"menu_order":0,"comment_status":"closed","ping_status":"closed","template":"","meta":{"footnotes":""},"folder":[9],"class_list":["post-968","page","type-page","status-publish","hentry"],"blocksy_meta":[],"_links":{"self":[{"href":"https:\/\/chatflow.agency\/de\/wp-json\/wp\/v2\/pages\/968","targetHints":{"allow":["GET"]}}],"collection":[{"href":"https:\/\/chatflow.agency\/de\/wp-json\/wp\/v2\/pages"}],"about":[{"href":"https:\/\/chatflow.agency\/de\/wp-json\/wp\/v2\/types\/page"}],"author":[{"embeddable":true,"href":"https:\/\/chatflow.agency\/de\/wp-json\/wp\/v2\/users\/1"}],"replies":[{"embeddable":true,"href":"https:\/\/chatflow.agency\/de\/wp-json\/wp\/v2\/comments?post=968"}],"version-history":[{"count":4,"href":"https:\/\/chatflow.agency\/de\/wp-json\/wp\/v2\/pages\/968\/revisions"}],"predecessor-version":[{"id":1097,"href":"https:\/\/chatflow.agency\/de\/wp-json\/wp\/v2\/pages\/968\/revisions\/1097"}],"up":[{"embeddable":true,"href":"https:\/\/chatflow.agency\/de\/wp-json\/wp\/v2\/pages\/955"}],"wp:attachment":[{"href":"https:\/\/chatflow.agency\/de\/wp-json\/wp\/v2\/media?parent=968"}],"wp:term":[{"taxonomy":"folder","embeddable":true,"href":"https:\/\/chatflow.agency\/de\/wp-json\/wp\/v2\/folder?post=968"}],"curies":[{"name":"wp","href":"https:\/\/api.w.org\/{rel}","templated":true}]}}