{"id":963,"date":"2024-06-06T13:21:09","date_gmt":"2024-06-06T11:21:09","guid":{"rendered":"https:\/\/chatflow.agency\/ai-photobooth-solutions\/use-cases-for-ai-photobooth\/ai-photobooth-for-virtual-events\/"},"modified":"2024-06-14T21:03:21","modified_gmt":"2024-06-14T19:03:21","slug":"ki-fotoautomat-fur-virtuelle-events","status":"publish","type":"page","link":"https:\/\/chatflow.agency\/de\/ki-fotoautomaten-losungen\/anwendungsfalle-fur-ki-fotoautomaten\/ki-fotoautomat-fur-virtuelle-events\/","title":{"rendered":"KI-Fotoautomat f\u00fcr virtuelle Events"},"content":{"rendered":"<p>Werten Sie Ihre virtuellen Events mit unserer hochmodernen KI-Fotokabine auf! ? Binden Sie Ihre Teilnehmer auf einzigartige und interaktive Weise ein und machen Sie Ihr Event unvergesslich. Unsere KI-Fotokabine wurde speziell f\u00fcr virtuelle Events entwickelt und gew\u00e4hrleistet eine nahtlose Integration und au\u00dfergew\u00f6hnliche Benutzererlebnisse.?<\/p>\n<h2>Merkmale<\/h2>\n<ul>\n<li><strong>Interaktives Erlebnis:<\/strong> Unsere KI-Fotokabine verleiht virtuellen Events eine pers\u00f6nliche Note und erm\u00f6glicht es den Teilnehmern, lustige und kreative Fotos zu machen, ohne ihr Zuhause zu verlassen.<\/li>\n<li><strong>Anpassbare Designs:<\/strong> Passen Sie das Fotoautomaten-Erlebnis an das Thema Ihrer Veranstaltung an und sorgen Sie so f\u00fcr ein stimmiges und markenbezogenes Erlebnis.<\/li>\n<li><strong>Einfache Integration:<\/strong> Unsere Fotokabine l\u00e4sst sich nahtlos in beliebte virtuelle Eventplattformen wie Zoom, Microsoft Teams und Webex integrieren und erm\u00f6glicht so eine problemlose Einrichtung.<\/li>\n<li><strong>Echtzeitfilter und -effekte:<\/strong> Die Teilnehmer k\u00f6nnen sich \u00fcber Echtzeitfilter und -effekte freuen, die ihre Fotos verbessern und die Beteiligung steigern.<\/li>\n<li><strong>Analytik:<\/strong> Gewinnen Sie mit unseren robusten Analysetools Einblicke in das Engagement und die Interaktion der Teilnehmer.<\/li>\n<\/ul>\n<h2>Vorteile<\/h2>\n<ul>\n<li><strong>Verbessertes Engagement:<\/strong> Machen Sie Ihre Veranstaltung mit unserer KI-Fotokabine interaktiver und spannender und sorgen Sie daf\u00fcr, dass die Teilnehmer einbezogen und unterhalten werden.<\/li>\n<li><strong>Unvergessliches Erlebnis:<\/strong> Schaffen Sie bleibende Erinnerungen mit einzigartigen Fotos, die die Teilnehmer in sozialen Medien teilen k\u00f6nnen, und steigern Sie so die Online-Pr\u00e4senz Ihrer Veranstaltung.<\/li>\n<li><strong>Markenwerbung:<\/strong> Passen Sie die Fotos an das Branding Ihrer Veranstaltung an und machen Sie so effektiv Werbung f\u00fcr Ihre Marke und Sponsoringpartner.<\/li>\n<li><strong>Nahtlose Erfahrung:<\/strong> Dank einfacher Integration und benutzerfreundlicher Oberfl\u00e4che bietet unsere AI Photobooth sowohl Organisatoren als auch Teilnehmern ein nahtloses Erlebnis.<\/li>\n<\/ul>\n<h2>Wie es funktioniert<\/h2>\n<ol>\n<li><strong>W\u00e4hlen Sie Ihren Plan:<\/strong> W\u00e4hlen Sie ein Paket, das den Anforderungen und dem Budget Ihrer Veranstaltung entspricht.<\/li>\n<li><strong>Anpassen:<\/strong> Arbeiten Sie mit unserem Team zusammen, um das Fotoautomaten-Erlebnis individuell zu gestalten, von den Themen bis zum Branding.<\/li>\n<li><strong>Integrieren:<\/strong> Integrieren Sie die AI Photobooth problemlos in Ihre virtuelle Eventplattform.<\/li>\n<li><strong>Engagieren:<\/strong> Starten Sie die Fotokabine w\u00e4hrend Ihrer Veranstaltung und beobachten Sie, wie die Teilnehmer interagieren und ihre Fotos teilen.<\/li>\n<li><strong>Analysieren:<\/strong> \u00dcberpr\u00fcfen Sie nach der Veranstaltung die Analysen, um Erkenntnisse zum Engagement der Teilnehmer zu gewinnen.<\/li>\n<\/ol>\n<p>Verwandeln Sie Ihr n\u00e4chstes virtuelles Event mit unserer KI-Fotokabine! Von Firmenkonferenzen bis hin zu Online-Partys verleiht unsere Fotokabine eine einzigartige Note, die die Teilnehmer lieben und in Erinnerung behalten werden. Sind Sie bereit, Ihr Event unvergesslich zu machen? <a href=\"#call-cta\">Kontaktiere uns heute!<\/a><\/p>","protected":false},"excerpt":{"rendered":"<p>Elevate your virtual events with our state-of-the-art AI Photobooth! ? Engage your attendees in a unique and interactive way, making your event unforgettable. Our AI Photobooth is specifically designed for virtual events, ensuring seamless integration and exceptional user experiences.? Features Interactive Experience: Our AI Photobooth brings a touch of personalization to virtual events, allowing attendees [&hellip;]<\/p>\n","protected":false},"author":1,"featured_media":0,"parent":958,"menu_order":0,"comment_status":"closed","ping_status":"closed","template":"","meta":{"footnotes":""},"folder":[9],"class_list":["post-963","page","type-page","status-publish","hentry"],"blocksy_meta":[],"_links":{"self":[{"href":"https:\/\/chatflow.agency\/de\/wp-json\/wp\/v2\/pages\/963","targetHints":{"allow":["GET"]}}],"collection":[{"href":"https:\/\/chatflow.agency\/de\/wp-json\/wp\/v2\/pages"}],"about":[{"href":"https:\/\/chatflow.agency\/de\/wp-json\/wp\/v2\/types\/page"}],"author":[{"embeddable":true,"href":"https:\/\/chatflow.agency\/de\/wp-json\/wp\/v2\/users\/1"}],"replies":[{"embeddable":true,"href":"https:\/\/chatflow.agency\/de\/wp-json\/wp\/v2\/comments?post=963"}],"version-history":[{"count":1,"href":"https:\/\/chatflow.agency\/de\/wp-json\/wp\/v2\/pages\/963\/revisions"}],"predecessor-version":[{"id":1062,"href":"https:\/\/chatflow.agency\/de\/wp-json\/wp\/v2\/pages\/963\/revisions\/1062"}],"up":[{"embeddable":true,"href":"https:\/\/chatflow.agency\/de\/wp-json\/wp\/v2\/pages\/958"}],"wp:attachment":[{"href":"https:\/\/chatflow.agency\/de\/wp-json\/wp\/v2\/media?parent=963"}],"wp:term":[{"taxonomy":"folder","embeddable":true,"href":"https:\/\/chatflow.agency\/de\/wp-json\/wp\/v2\/folder?post=963"}],"curies":[{"name":"wp","href":"https:\/\/api.w.org\/{rel}","templated":true}]}}