{"id":961,"date":"2024-06-06T13:20:18","date_gmt":"2024-06-06T11:20:18","guid":{"rendered":"https:\/\/chatflow.agency\/ai-photobooth-solutions\/use-cases-for-ai-photobooth\/ai-photobooth-for-parties\/"},"modified":"2024-06-06T13:20:18","modified_gmt":"2024-06-06T11:20:18","slug":"ki-fotoautomat-fur-partys","status":"publish","type":"page","link":"https:\/\/chatflow.agency\/de\/ki-fotoautomaten-losungen\/anwendungsfalle-fur-ki-fotoautomaten\/ki-fotoautomat-fur-partys\/","title":{"rendered":"KI-Fotoautomat f\u00fcr Partys"},"content":{"rendered":"<p>Entdecken Sie das ultimative AI Photobooth-Erlebnis f\u00fcr Ihre n\u00e4chste Party! Unsere innovative Technologie sorgt daf\u00fcr, dass Erinnerungen auf unvergleichliche Weise festgehalten werden. Erfahren Sie, warum unsere AI Photobooth in aller Munde ist und bei jeder Zusammenkunft nicht fehlen darf.<\/p>","protected":false},"excerpt":{"rendered":"<p>Entdecken Sie das ultimative AI Photobooth-Erlebnis f\u00fcr Ihre n\u00e4chste Party! Unsere innovative Technologie sorgt daf\u00fcr, dass Erinnerungen auf unvergleichliche Weise festgehalten werden. Erfahren Sie, warum unsere AI Photobooth in aller Munde ist und bei jeder Zusammenkunft nicht fehlen darf.<\/p>","protected":false},"author":1,"featured_media":0,"parent":958,"menu_order":0,"comment_status":"closed","ping_status":"closed","template":"","meta":{"footnotes":""},"folder":[9],"class_list":["post-961","page","type-page","status-publish","hentry"],"blocksy_meta":[],"_links":{"self":[{"href":"https:\/\/chatflow.agency\/de\/wp-json\/wp\/v2\/pages\/961","targetHints":{"allow":["GET"]}}],"collection":[{"href":"https:\/\/chatflow.agency\/de\/wp-json\/wp\/v2\/pages"}],"about":[{"href":"https:\/\/chatflow.agency\/de\/wp-json\/wp\/v2\/types\/page"}],"author":[{"embeddable":true,"href":"https:\/\/chatflow.agency\/de\/wp-json\/wp\/v2\/users\/1"}],"replies":[{"embeddable":true,"href":"https:\/\/chatflow.agency\/de\/wp-json\/wp\/v2\/comments?post=961"}],"version-history":[{"count":0,"href":"https:\/\/chatflow.agency\/de\/wp-json\/wp\/v2\/pages\/961\/revisions"}],"up":[{"embeddable":true,"href":"https:\/\/chatflow.agency\/de\/wp-json\/wp\/v2\/pages\/958"}],"wp:attachment":[{"href":"https:\/\/chatflow.agency\/de\/wp-json\/wp\/v2\/media?parent=961"}],"wp:term":[{"taxonomy":"folder","embeddable":true,"href":"https:\/\/chatflow.agency\/de\/wp-json\/wp\/v2\/folder?post=961"}],"curies":[{"name":"wp","href":"https:\/\/api.w.org\/{rel}","templated":true}]}}