{"id":960,"date":"2024-06-06T13:20:10","date_gmt":"2024-06-06T11:20:10","guid":{"rendered":"https:\/\/chatflow.agency\/ai-photobooth-solutions\/use-cases-for-ai-photobooth\/ai-photobooth-for-corporate-events\/"},"modified":"2024-06-06T13:20:10","modified_gmt":"2024-06-06T11:20:10","slug":"ki-fotoautomat-fur-firmenveranstaltungen","status":"publish","type":"page","link":"https:\/\/chatflow.agency\/de\/ki-fotoautomaten-losungen\/anwendungsfalle-fur-ki-fotoautomaten\/ki-fotoautomat-fur-firmenveranstaltungen\/","title":{"rendered":"KI-Fotoautomat f\u00fcr Firmenveranstaltungen"},"content":{"rendered":"<h1>KI-Fotoautomat f\u00fcr Firmenveranstaltungen<\/h1>\n<p>Machen Sie Ihre Firmenveranstaltung mit unserer hochmodernen KI-Fotokabine zu einem unvergesslichen Erlebnis. Begeistern Sie Ihre Teilnehmer, schaffen Sie bleibende Erinnerungen und sorgen Sie f\u00fcr Begeisterung mit unserer Fotokabine, die speziell f\u00fcr Unternehmensumgebungen entwickelt wurde. Ob Produkteinf\u00fchrung, Konferenz oder j\u00e4hrliche Firmenfeier, unsere KI-gest\u00fctzte Fotokabine ist die perfekte Erg\u00e4nzung.<\/p>\n<p>Unsere KI-Fotokabine bietet modernste Funktionen:<\/p>\n<ul>\n<li>Sofortiger Fotodruck<\/li>\n<li>Integration sozialer Medien<\/li>\n<li>Anpassbare Hintergr\u00fcnde und Requisiten<\/li>\n<li>Datenanalyse f\u00fcr Event Insights<\/li>\n<\/ul>\n<p>Warum uns w\u00e4hlen?<\/p>\n<ul>\n<li><strong>Hochwertige Fotos:<\/strong> Unsere KI-Technologie sorgt daf\u00fcr, dass jedes Foto perfekt ist.<\/li>\n<li><strong>Einfach zu verwenden:<\/strong> Dank der einfachen Einrichtung und der benutzerfreundlichen Oberfl\u00e4che k\u00f6nnen sich Ihre G\u00e4ste ganz auf den Spa\u00df konzentrieren.<\/li>\n<li><strong>Branding-M\u00f6glichkeiten:<\/strong> Passen Sie das Fotoautomaten-Erlebnis an Ihr Corporate Branding an.<\/li>\n<li><strong>Engagement:<\/strong> Steigern Sie die Interaktion und Einbindung der Teilnehmer.<\/li>\n<\/ul>\n<p>Verpassen Sie nicht die Gelegenheit, Ihre n\u00e4chste Firmenveranstaltung aufzuwerten. Kontaktieren Sie uns noch heute und sehen Sie, welchen Unterschied unsere KI-Fotokabine machen kann!<\/p>","protected":false},"excerpt":{"rendered":"<p>AI Photobooth for Corporate Events Transform your corporate event into an unforgettable experience with our state-of-the-art AI photobooth. Engage your attendees, create lasting memories, and generate buzz with our photobooth designed specifically for corporate environments. Whether it&#8217;s a product launch, conference, or annual company party, our AI-powered photobooth is the perfect addition. Our AI photobooth [&hellip;]<\/p>\n","protected":false},"author":1,"featured_media":0,"parent":958,"menu_order":0,"comment_status":"closed","ping_status":"closed","template":"","meta":{"footnotes":""},"folder":[9],"class_list":["post-960","page","type-page","status-publish","hentry"],"blocksy_meta":[],"_links":{"self":[{"href":"https:\/\/chatflow.agency\/de\/wp-json\/wp\/v2\/pages\/960","targetHints":{"allow":["GET"]}}],"collection":[{"href":"https:\/\/chatflow.agency\/de\/wp-json\/wp\/v2\/pages"}],"about":[{"href":"https:\/\/chatflow.agency\/de\/wp-json\/wp\/v2\/types\/page"}],"author":[{"embeddable":true,"href":"https:\/\/chatflow.agency\/de\/wp-json\/wp\/v2\/users\/1"}],"replies":[{"embeddable":true,"href":"https:\/\/chatflow.agency\/de\/wp-json\/wp\/v2\/comments?post=960"}],"version-history":[{"count":0,"href":"https:\/\/chatflow.agency\/de\/wp-json\/wp\/v2\/pages\/960\/revisions"}],"up":[{"embeddable":true,"href":"https:\/\/chatflow.agency\/de\/wp-json\/wp\/v2\/pages\/958"}],"wp:attachment":[{"href":"https:\/\/chatflow.agency\/de\/wp-json\/wp\/v2\/media?parent=960"}],"wp:term":[{"taxonomy":"folder","embeddable":true,"href":"https:\/\/chatflow.agency\/de\/wp-json\/wp\/v2\/folder?post=960"}],"curies":[{"name":"wp","href":"https:\/\/api.w.org\/{rel}","templated":true}]}}