{"id":840,"date":"2024-05-06T19:44:26","date_gmt":"2024-05-06T17:44:26","guid":{"rendered":"https:\/\/chatflow.agency\/geschaftsbedingungen\/"},"modified":"2024-06-11T09:08:06","modified_gmt":"2024-06-11T07:08:06","slug":"geschaftsfuhrung","status":"publish","type":"page","link":"https:\/\/chatflow.agency\/de\/geschaftsfuhrung\/","title":{"rendered":"Nutzungsbedingungen"},"content":{"rendered":"<!-- This legal document was generated by Complianz Terms &amp; Conditions https:\/\/wordpress.org\/plugins\/complianz-terms-conditions -->\n<div id=\"cmplz-document\" class=\"cmplz-document cmplz-terms-conditions\"><p><i>Die Allgemeinen Gesch\u00e4ftsbedingungen wurden zuletzt am 6. Mai 2024 aktualisiert<\/i><\/p><h2>1. Einf\u00fchrung<\/h2><p>Diese Allgemeinen Gesch\u00e4ftsbedingungen gelten f\u00fcr diese Website und f\u00fcr die Transaktionen im Zusammenhang mit unseren Produkten und Dienstleistungen. Du bist m\u00f6glicherweise an zus\u00e4tzliche Vertr\u00e4ge gebunden, die sich auf deine Beziehung zu uns oder auf Produkte oder Dienstleistungen beziehen, die du von uns erh\u00e4ltst. Wenn Bestimmungen dieser Zusatzvertr\u00e4ge mit Bestimmungen dieser Bedingungen im Konflikt stehen, haben die Bestimmungen dieser Zusatzvertr\u00e4ge Vorrang.<\/p><h2>2. auf<\/h2><p>Durch die Registrierung, den Zugriff auf oder die anderweitige Nutzung dieser Website erkl\u00e4rst du dich hiermit einverstanden, an diese unten aufgef\u00fchrten Allgemeinen Gesch\u00e4ftsbedingungen gebunden zu sein. Die blo\u00dfe Nutzung dieser Website setzt die Kenntnis und Akzeptanz dieser Allgemeinen Gesch\u00e4ftsbedingungen voraus. In bestimmten F\u00e4llen k\u00f6nnen wir dir auch ausdr\u00fccklich zustimmen.<\/p><h2>3. Elektronische Kommunikation<\/h2><p>Durch die Nutzung dieser Website oder die Kommunikation mit uns auf elektronischem Wege erkl\u00e4rst du dich damit einverstanden und erkennst an, dass wir auf unserer Website elektronisch mit dir kommunizieren oder dir eine E-Mail senden k\u00f6nnen, und stimmst zu, dass alle Vereinbarungen, Mitteilungen, Offenlegungen und sonstigen Mitteilungen, die wir dir elektronisch zusenden, erf\u00fcllen alle gesetzlichen Anforderungen. Beinhaltet zudem, aber nicht auf die Anforderung beschr\u00e4nkt, dass solche Mitteilungen schriftlich erfolgen sollten.<\/p><h2>4. Geistiges Eigentum<\/h2><p>Wir oder unsere Lizenzgeber besitzen und kontrollieren alle Urheberrechte und sonstigen Rechte an geistigem Eigentum auf der Website sowie die Daten, Informationen und sonstigen Ressourcen, die auf der Website angezeigt werden oder auf der Website zug\u00e4nglich sind.<\/p><p class=\"cmplz-subtitle\">4.1 Alle Rechte vorbehalten<\/p><p>Sofern bestimmte Inhalte nichts anderes vorschreiben, wird Ihnen keine Lizenz oder ein anderes Recht unter Urheber-, Marken-, Patent- oder anderen Rechten an geistigem Eigentum gew\u00e4hrt. Dies bedeutet, dass du keine Ressourcen auf dieser Website verwendest, kopierst, reproduzierst, ausf\u00fchrst, anzeigst, verteilst, in ein elektronisches Medium einbettest, \u00e4nderst, zur\u00fcckentwickelst, dekompilierst, \u00fcbergibst, herunterl\u00e4dst, \u00fcbertragst, monetarisierst, verkaufst, vermarktest oder kommerzialisiertst in jeglicher Form. , ohne unsere vorherige schriftliche Genehmigung, au\u00dfer und nur insoweit, als dies in den Bestimmungen des zwingenden Rechts (wie dem Recht auf Zitat) anders festgelegt ist.<\/p><h2>5. \u00d6ffentlicher Drittanbieter<\/h2><p>Unsere Website kann Hyperlinks oder andere Verweise auf Websites anderer Parteien enthalten. Wir \u00fcberwachen oder \u00fcberpr\u00fcfen nicht den Inhalt der Websites anderer Parteien, auf die von dieser Website aus verwiesen wird. Produkte oder Dienstleistungen, die von anderen Websites angeboten werden, unterliegen den Allgemeinen Gesch\u00e4ftsbedingungen dieser Dritten. Auf diesen Websites ge\u00e4u\u00dferte Meinungen oder Materialien werden von uns nicht unbedingt geteilt oder unterst\u00fctzt.<\/p><p>Wir sind nicht verantwortlich f\u00fcr die Datenschutzpraktiken oder die Inhalte dieser Websites. Sie tragen alle Risiken, die mit der Nutzung dieser Websites und damit verbundenen Diensten Dritter verbunden sind. Wir \u00fcbernehmen keine Verantwortung f\u00fcr Verluste oder Sch\u00e4den jeglicher Art, die sich aus der Weitergabe Ihrer personenbezogenen Daten an Dritte ergeben.<\/p><h2>6. Verantwortungsbewusster Umgang<\/h2><p>Durch den Besuch unserer Website verlassen Sie dich damit einverstanden, diese nur f\u00fcr die Zwecke zu verwenden, die durch diese Bedingungen, zus\u00e4tzlichen Vertr\u00e4ge mit uns sowie geltende Gesetze, Vorschriften und allgemein anerkannte Online-Praktiken und Branchenrichtlinien verfolgt und gestattet sind. Sie d\u00fcrfen unsere Website oder Dienste nicht verwenden, um Material zu verwenden, zu ver\u00f6ffentlichen oder zu verbreiten, das aus b\u00f6sartiger Computersoftware besteht (oder mit diesem verlinkt ist). Verwenden Sie die auf unserer Website gesammelten Daten f\u00fcr Direktmarketingaktivit\u00e4ten oder f\u00fchren Sie systematische oder automatisierte Datenerfassungsaktivit\u00e4ten auf oder in Bezug auf unsere Website durch.<\/p><p>Die Teilnahme an Aktivit\u00e4ten, die Sch\u00e4den an der Website verursachen oder verursachen k\u00f6nnen oder die Leistung, Verf\u00fcgbarkeit oder Zug\u00e4nglichkeit der Website beeintr\u00e4chtigen, ist nachdr\u00fccklich untersagt.<\/p><h2>7. Ideeneinreichung<\/h2><p>Reiche keine Ideen, Erfindungen, Werke der Urheberschaft oder andere Informationen ein, die als dein eigenes geistiges Eigentum angesehen werden k\u00f6nnen und welche du uns pr\u00e4sentieren m\u00f6chtest, es sei denn, wir haben zuvor eine Vereinbarung \u00fcber das geistige Eigentum oder eine Geheimhaltungsvereinbarung unterzeichnet. Wenn du uns dies ohne eine solche schriftliche Vereinbarung mitteilst, gew\u00e4hrst du uns eine weltweite, unwiderrufliche, nicht exklusive, lizenzgeb\u00fchrenfreie Lizenz zur Nutzung, Reproduktion, Speicherung, Anpassung, Ver\u00f6ffentlichung, \u00dcbersetzung und Verbreitung deiner Inhalte in bestehenden oder zuk\u00fcnftigen Medien.<\/p><h2>8. Beendigung der Nutzung<\/h2><p>Wir k\u00f6nnen nach eigenem Ermessen den Zugriff auf die Website oder einen darauf befindlichen Dienst jederzeit vor\u00fcbergehend oder dauerhaft \u00e4ndern oder einstellen. Du erkl\u00e4rst dich damit einverstanden, dass wir weder dir noch Dritten gegen\u00fcber f\u00fcr solche \u00c4nderungen, Aussetzungen oder Unterbrechungen deines Zugriffs auf oder deine Nutzung der Website oder von Inhalten, die dich m\u00f6glicherweise auf der Website geteilt haben, haften. Du hast keinen Anspruch auf Entsch\u00e4digung oder sonstige Zahlung, selbst wenn bestimmte Funktionen, Einstellungen und\/oder Inhalte, die du kontrolliert hast oder auf die du dich verl\u00e4sst, dauerhaft verloren gehen. Sie d\u00fcrfen keine Zugriffsbeschr\u00e4nkungsma\u00dfnahmen auf unserer Website umgehen oder versuchen, sie zu umgehen.<\/p><h2>9. Garantien und<\/h2><p>Durch nichts in diesem Abschnitt wird eine gesetzlich implizierte Garantie eingeschr\u00e4nkt oder ausgeschlossen, deren Einschr\u00e4nkung oder Ausschluss rechtswidrig w\u00e4re. Diese Website und alle Inhalte der Website werden \u201ewie sie sind\u201c und \u201ewie verf\u00fcgbar\u201c bereitgestellt und k\u00f6nnen Ungenauigkeiten oder Tippfehler enthalten. Wir lehnen ausdr\u00fccklich jegliche ausdr\u00fcckliche oder stillschweigende Gew\u00e4hrleistung jeglicher Art hinsichtlich der Verf\u00fcgbarkeit, Genauigkeit oder Handhabung des Inhalts ab. Wir \u00fcbernehmen keine Garantie daf\u00fcr, dass:<\/p><p><ul>\n                    <li>Diese Website oder unser Inhalt werden deinen Anforderungen entsprechen.<\/li>\n                    <li>Diese Website wird unvollst\u00e4ndig, zeitnah, sicher oder fehlerfrei verf\u00fcgbar sein.<\/li>\n        <\/ul><\/p><p>Nicht auf dieser Website ist eine rechtliche, finanzielle oder medizinische Beratung jeglicher Art enthalten oder soll diese darstellen. Wenn Sie eine Beratung ben\u00f6tigen, sollten Sie einen geeigneten Fachmann finden.<\/p><p>Die folgenden Bestimmungen dieses Abschnitts gelten im gesetzlich zul\u00e4ssigen H\u00f6chstma\u00df und beschr\u00e4nken unsere Haftung in Bezug auf Angelegenheiten, die f\u00fcr uns rechtswidrig oder rechtswidrig w\u00e4ren, unsere Haftung einzuschr\u00e4nken oder auszuschlie\u00dfen, nicht ein oder aus. In jedem Fall haften wir f\u00fcr direkte oder indirekte Sch\u00e4den (einschlie\u00dflich Sch\u00e4den f\u00fcr entstandene Sch\u00e4den oder Verluste von Daten, Software oder Datenbank oder Verluste oder Verluste von Eigentum oder Daten), die dir oder Drittparteien entstehen, die sich aus irgendeinem Zugriff auf oder deiner Nutzung unserer Website ergibt.<\/p><p>Sofern in einem zus\u00e4tzlichen Vertrag nicht ausdr\u00fccklich etwas anderes bestimmt ist, haften wir dir gegen\u00fcber maximal f\u00fcr alle Sch\u00e4den, die aus der Website oder mit Produkten und Dienstleistungen entstehen oder damit in Verbindung stehen, die \u00fcber die Website vermarktet oder verkauft werden, unabh\u00e4ngig von der Form der rechtlichen Schritte, die eine Haftung auferlegen (Ob vertraglich, nach Billigkeit, Fahrl\u00e4ssigkeit, vors\u00e4tzlichem Verhalten, unerlaubter Handlung oder auf andere Weise) wird auf den Gesamtpreis begrenzt, den du an uns gezahlt hast, um solche Produkte oder Dienstleistungen zu kaufen oder die Website zu nutzen. Diese Begrenzung gilt insgesamt f\u00fcr alle deine Anspr\u00fcche, Handlungen und Klagegr\u00fcnde jeglicher Art.<\/p><h2>10. Privatsph\u00e4re<\/h2><p>Um auf unsere Website und\/oder Dienstleistungen zugreifen zu k\u00f6nnen, m\u00fcssen Sie im Rahmen des Registrierungsprozesses m\u00f6glicherweise bestimmte Informationen \u00fcber sich selbst angeben. Du stimmst zu, dass alle von dir angegebenen Informationen immer genau, korrekt und aktuell sind.<\/p><p>Wir haben eine Richtlinie entwickelt, um eventuelle Datenschutzbedenken auszur\u00e4umen.&nbsp;For more information, please see our <a href=\"\">Privacy Statement<\/a> and our <a href=\"\">Cookie Policy<\/a>.<\/p><h2>11. Exportbeschr\u00e4nkungen \/ Aufrechterhaltung von Gesetzen<\/h2><p>Der Zugriff auf die Website aus Gebieten oder L\u00e4ndern, in denen der Inhalt oder Kauf der auf der Website verkauften Produkte oder Dienstleistungen illegal ist, ist verboten. Sie d\u00fcrfen diese Website nicht im Rahmen der Aus\u00fcbung der Exportgesetze und -bestimmungen von \u00d6sterreich verwenden.<\/p><h2>12. Betr\u00fcger<\/h2><p>Ohne unsere vorherige schriftliche Zustimmung darfst du deine Rechte und\/oder Pflichten aus diesen Gesch\u00e4ftsbedingungen weder ganz noch teilweise an Dritte abgeben, \u00fcbertragen oder an Dritte weitergeben. Jede angebliche Abtretung, die gegen diesen Abschnitt verst\u00f6\u00dft, ist nichtig.<\/p><h2>13. Verst\u00f6\u00dfe gegen diese Allgemeinen Gesch\u00e4ftsbedingungen<\/h2><p>Ungeachtet unserer anderen Rechte aus diesen Allgemeinen Gesch\u00e4ftsbedingungen k\u00f6nnen wir, wenn Sie auf irgendeine Weise gegen diese Allgemeinen Gesch\u00e4ftsbedingungen verst\u00f6\u00dft, ergreifen wir Ma\u00dfnahmen, die wir f\u00fcr angemessen halten, um den Versto\u00df zu behandeln, einschlie\u00dflich der vor\u00fcbergehenden oder dauerhaften Sperrung Ihres Zugriffs auf die Website und mit der Kontaktaufnahme Ihres Internetdienstanbieters mit der Aufforderung, Ihren Zugang zur Website zu sperren und\/oder rechtliche Schritte gegen Sie einzuleiten.<\/p><h2>14. Entsch\u00e4digung<\/h2><p>Du erkl\u00e4rst dich damit einverstanden, uns von s\u00e4mtlichen Anspr\u00fcchen, Sch\u00e4den, Verlusten und Kosten im Zusammenhang mit deiner Verletzung dieser allgemeinen Gesch\u00e4ftsbedingungen und der geltenden Gesetze, einschlie\u00dflich geistiger Eigentumsrechte und Datenschutzrechte, freizustellen, zu verteidigen und sicher zu halten. Sie werden uns unverz\u00fcglich unsere Sch\u00e4den, Verluste, Kosten und Aufwendungen im Zusammenhang mit oder aus solchen Anspr\u00fcchen erstatten.<\/p><h2>15. Verzicht<\/h2><p>Das Vers\u00e4umnis, eine der Bestimmungen dieser Allgemeinen Gesch\u00e4ftsbedingungen und einer Vereinbarung durchzusetzen, oder das Vers\u00e4umnis, eine K\u00fcndigungsoption auszu\u00fcben, gilt nicht als Verzicht auf diese Bestimmungen und ber\u00fchrt nicht die G\u00fcltigkeit dieser Allgemeinen Gesch\u00e4ftsbedingungen oder einer dieser Vereinbarung oder ein Teil davon oder das Recht danach, jede einzelne Bestimmung durchzusetzen.<\/p><h2>16. Sprache<\/h2><p>Diese Allgemeinen Gesch\u00e4ftsbedingungen werden ausschlie\u00dflich in Deutsch interpretiert und ausgelegt. Alle Mitteilungen und Korrespondenzen werden ausschlie\u00dflich in dieser Sprache verfasst.<\/p><h2>17. Vollst\u00e4ndige Vereinbarung<\/h2><p>These Terms and Conditions, together with our <a href=\"\">privacy statement<\/a> Und <a href=\"\">cookie policy<\/a>, constitute the entire agreement between you and chatflow Agency OG in relation to your use of this website.<\/p><h2>18. Aktualisierung dieser Allgemeinen Gesch\u00e4ftsbedingungen<\/h2><p>Wir k\u00f6nnen diese Allgemeinen Gesch\u00e4ftsbedingungen von Zeit zu Zeit aktualisieren. Sie sind verpflichtet, diese Allgemeinen Gesch\u00e4ftsbedingungen regelm\u00e4\u00dfig auf \u00c4nderungen oder Aktualisierungen zu \u00fcberpr\u00fcfen. Das zu Beginn dieser Allgemeinen Gesch\u00e4ftsbedingungen angegebene Datum ist das letzte \u00dcberarbeitungsdatum. \u00c4nderungen dieser Allgemeinen Gesch\u00e4ftsbedingungen werden wirksam, sobald solche \u00c4nderungen auf dieser Website ver\u00f6ffentlicht werden. Deine fortgesetzte Nutzung dieser Website nach der Ver\u00f6ffentlichung von \u00c4nderungen oder Aktualisierungen gilt als Hinweis auf deine Zustimmung zur Einhaltung und Bindung dieser Allgemeinen Gesch\u00e4ftsbedingungen.<\/p><h2>19. Rechtswahl und Gerichtsstand<\/h2><p>Diese Allgemeinen Gesch\u00e4ftsbedingungen unterliegen den Gesetzen von \u00d6sterreich. F\u00fcr alle Ma\u00dfnahmen im Rahmen dieser allgemeinen Gesch\u00e4ftsbedingungen sind die Rechte \u00d6sterreichs verbindlich. Wenn ein Teil oder eine Bestimmung dieser Allgemeinen Gesch\u00e4ftsbedingungen von einem Gericht oder einer anderen Beh\u00f6rde als ung\u00fcltig und \/ oder nach geltendem Recht nicht durchsetzbar befunden wird, wird dieser Teil oder diese Bestimmung im maximal zul\u00e4ssigen Umfang ge\u00e4ndert, gel\u00f6scht und \/ oder durchgesetzt die Absicht dieser Allgemeinen Gesch\u00e4ftsbedingungen gelten. Die \u00fcbrigen Bestimmungen bleiben unber\u00fchrt.<\/p><h2>20. Kontaktinformationen<\/h2><p>Diese Website geh\u00f6rt und wird betrieben von chatflow Agency OG.<\/p><p>You may contact us regarding these Terms and Conditions through our <a href=\"https:\/\/chatflow.agency\/de\/kontakt\/\">Kontakt<\/a> page.<\/p><h2>21. Herunterladen<\/h2><p>You can also <a href=\"https:\/\/chatflow.agency\/wp-content\/plugins\/complianz-terms-conditions\/download.php\">download<\/a> our Terms and Conditions as a PDF.<\/p><\/div>","protected":false},"excerpt":{"rendered":"","protected":false},"author":1,"featured_media":0,"parent":0,"menu_order":0,"comment_status":"closed","ping_status":"closed","template":"","meta":{"footnotes":""},"folder":[],"class_list":["post-840","page","type-page","status-publish","hentry"],"blocksy_meta":{"page_structure_type":"type-3","styles_descriptor":{"styles":{"desktop":"","tablet":"","mobile":""},"google_fonts":[],"version":6}},"_links":{"self":[{"href":"https:\/\/chatflow.agency\/de\/wp-json\/wp\/v2\/pages\/840","targetHints":{"allow":["GET"]}}],"collection":[{"href":"https:\/\/chatflow.agency\/de\/wp-json\/wp\/v2\/pages"}],"about":[{"href":"https:\/\/chatflow.agency\/de\/wp-json\/wp\/v2\/types\/page"}],"author":[{"embeddable":true,"href":"https:\/\/chatflow.agency\/de\/wp-json\/wp\/v2\/users\/1"}],"replies":[{"embeddable":true,"href":"https:\/\/chatflow.agency\/de\/wp-json\/wp\/v2\/comments?post=840"}],"version-history":[{"count":2,"href":"https:\/\/chatflow.agency\/de\/wp-json\/wp\/v2\/pages\/840\/revisions"}],"predecessor-version":[{"id":1025,"href":"https:\/\/chatflow.agency\/de\/wp-json\/wp\/v2\/pages\/840\/revisions\/1025"}],"wp:attachment":[{"href":"https:\/\/chatflow.agency\/de\/wp-json\/wp\/v2\/media?parent=840"}],"wp:term":[{"taxonomy":"folder","embeddable":true,"href":"https:\/\/chatflow.agency\/de\/wp-json\/wp\/v2\/folder?post=840"}],"curies":[{"name":"wp","href":"https:\/\/api.w.org\/{rel}","templated":true}]}}