{"id":571,"date":"2022-03-17T10:27:04","date_gmt":"2022-03-17T10:27:04","guid":{"rendered":"https:\/\/startersites.io\/stagingsix\/?page_id=571"},"modified":"2024-08-07T16:41:55","modified_gmt":"2024-08-07T14:41:55","slug":"kontakt","status":"publish","type":"page","link":"https:\/\/chatflow.agency\/de\/kontakt\/","title":{"rendered":"Kontakt"},"content":{"rendered":"<div class=\"wp-block-stackable-columns alignwide stk-block-columns stk-block stk-f5554c3 stk-block-background stk--has-background-overlay\" data-block-id=\"f5554c3\"><style>.stk-f5554c3{background-color:var(--theme-palette-color-2,#a069b8) !important;background-image:url(https:\/\/chatflow.agency\/wp-content\/uploads\/2024\/05\/agentcole_abstract_metallic_by_Peter_Saville_by_ryochi_ikeda_ba_d16f6e77-4c07-42f3-8277-5b4b14831877.png) !important;background-position:center center !important;background-repeat:no-repeat !important;background-size:cover !important;border-top-left-radius:25px !important;border-top-right-radius:25px !important;border-bottom-right-radius:25px !important;border-bottom-left-radius:25px !important;overflow:hidden !important;padding-top:180px !important;padding-right:80px !important;padding-bottom:60px !important;padding-left:80px !important;margin-bottom:0px !important}.stk-f5554c3:before{background-color:var(--theme-palette-color-2,#a069b8) !important;opacity:0.8 !important}@media screen and (max-width:689px){.stk-f5554c3{padding-top:100px !important;padding-right:25px !important;padding-left:25px !important}}<\/style><div class=\"stk-row stk-inner-blocks has-text-align-center-mobile stk-block-content stk-content-align stk-f5554c3-column alignwide\">\n<div class=\"wp-block-stackable-column stk-block-column stk-column stk-block stk-3f739b8\" data-v=\"4\" data-block-id=\"3f739b8\"><style>.stk-3f739b8-container{margin-top:0px !important;margin-right:0px !important;margin-bottom:0px !important;margin-left:0px !important}<\/style><div class=\"stk-column-wrapper stk-block-column__content stk-container stk-3f739b8-container stk--no-background stk--no-padding\"><div class=\"stk-block-content stk-inner-blocks stk-3f739b8-inner-blocks\">\n<div class=\"wp-block-stackable-heading stk-block-heading stk-block-heading--v2 stk-block stk-99f93f5\" id=\"lets-discuss-br-your-great-project\" data-block-id=\"99f93f5\"><style>.stk-99f93f5{max-width:45% !important;margin-bottom:50px !important}.stk-99f93f5 .stk-block-heading__text{font-size:60px !important;color:var(--theme-palette-color-8,#ffffff) !important;line-height:1.1em !important}@media screen and (max-width:999px){.stk-99f93f5{max-width:100% !important}.stk-99f93f5 .stk-block-heading__text{font-size:40px !important}}@media screen and (max-width:689px){.stk-99f93f5{margin-bottom:35px !important}.stk-99f93f5 .stk-block-heading__text{font-size:30px !important}}<\/style><h2 class=\"stk-block-heading__text has-text-color has-palette-color-8-color translation-block\">Lassen Sie uns \u00fcber Ihr spannendes Projekt sprechen<\/h2><\/div>\n\n\n\n<div class=\"wp-block-stackable-columns stk-block-columns stk-block stk-b536dc7 stk-block-background\" data-block-id=\"b536dc7\"><style>.stk-b536dc7{background-color:var(--theme-palette-color-1,rgb(205,165,212)) !important;border-top-left-radius:25px !important;border-top-right-radius:25px !important;border-bottom-right-radius:25px !important;border-bottom-left-radius:25px !important;overflow:hidden !important;padding-top:60px !important;padding-right:35px !important;padding-bottom:60px !important;padding-left:35px !important;margin-bottom:0px !important}.stk-b536dc7:before{background-color:var(--theme-palette-color-1,rgb(205,165,212)) !important}.stk-b536dc7-column{--stk-column-gap:35px !important;row-gap:35px !important}@media screen and (max-width:689px){.stk-b536dc7{padding-top:40px !important;padding-right:25px !important;padding-bottom:40px !important;padding-left:25px !important}}<\/style><div class=\"stk-row stk-inner-blocks stk-block-content stk-content-align stk-b536dc7-column\">\n<div class=\"wp-block-stackable-column stk-block-column stk-column stk-block stk-c8c7b3b\" data-v=\"4\" data-block-id=\"c8c7b3b\"><style>.stk-c8c7b3b-container{margin-top:0px !important;margin-right:0px !important;margin-bottom:0px !important;margin-left:0px !important}<\/style><div class=\"stk-column-wrapper stk-block-column__content stk-container stk-c8c7b3b-container stk--no-background stk--no-padding\"><div class=\"has-text-align-center stk-block-content stk-inner-blocks stk-c8c7b3b-inner-blocks\">\n<div class=\"wp-block-stackable-image stk-block-image stk-block stk-ce21989\" data-block-id=\"ce21989\"><style>.stk-ce21989{margin-bottom:16px !important}.stk-ce21989 .stk-img-wrapper{width:40px !important}<\/style><figure><span class=\"stk-img-wrapper stk-image--shape-stretch\"><img decoding=\"async\" class=\"stk-img wp-image-296 lazyload\" data-src=\"https:\/\/chatflow.agency\/wp-content\/uploads\/2021\/07\/pin-icon.svg\" width=\"40\" height=\"300\" src=\"data:image\/svg+xml;base64,PHN2ZyB3aWR0aD0iMSIgaGVpZ2h0PSIxIiB4bWxucz0iaHR0cDovL3d3dy53My5vcmcvMjAwMC9zdmciPjwvc3ZnPg==\" style=\"--smush-placeholder-width: 40px; --smush-placeholder-aspect-ratio: 40\/300;\" \/><\/span><\/figure><\/div>\n\n\n\n<div class=\"wp-block-stackable-heading stk-block-heading stk-block-heading--v2 stk-block stk-b33f874\" id=\"adresse\" data-block-id=\"b33f874\"><style>.stk-b33f874{margin-bottom:16px !important}.stk-b33f874 .stk-block-heading__text{font-size:20px !important;color:var(--theme-palette-color-8,#ffffff) !important}@media screen and (max-width:999px){.stk-b33f874 .stk-block-heading__text{font-size:20px !important}}<\/style><h5 class=\"stk-block-heading__text has-text-color has-palette-color-8-color\">Adresse<\/h5><\/div>\n\n\n\n<div class=\"wp-block-stackable-text stk-block-text stk-block stk-9fd81be\" data-block-id=\"9fd81be\"><style>.stk-9fd81be .stk-block-text__text{font-size:16px !important;color:var(--theme-palette-color-8,#ffffff) !important}@media screen and (max-width:999px){.stk-9fd81be .stk-block-text__text{font-size:16px !important}}<\/style><p class=\"stk-block-text__text has-text-color has-palette-color-8-color\">Ulrich Schreier Stra\u00dfe 17<br>5020 Salzburg<\/p><\/div>\n<\/div><\/div><\/div>\n\n\n\n<div class=\"wp-block-stackable-column stk-block-column stk-column stk-block stk-cdfd108\" data-v=\"4\" data-block-id=\"cdfd108\"><style>.stk-cdfd108-container{margin-top:0px !important;margin-right:0px !important;margin-bottom:0px !important;margin-left:0px !important}<\/style><div class=\"stk-column-wrapper stk-block-column__content stk-container stk-cdfd108-container stk--no-background stk--no-padding\"><div class=\"has-text-align-center stk-block-content stk-inner-blocks stk-cdfd108-inner-blocks\">\n<div class=\"wp-block-stackable-image stk-block-image stk-block stk-7d66949\" data-block-id=\"7d66949\"><style>.stk-7d66949{margin-bottom:16px !important}.stk-7d66949 .stk-img-wrapper{width:40px !important}<\/style><figure><span class=\"stk-img-wrapper stk-image--shape-stretch\"><img decoding=\"async\" class=\"stk-img wp-image-291 lazyload\" data-src=\"https:\/\/chatflow.agency\/wp-content\/uploads\/2021\/07\/envelope-icon.svg\" width=\"40\" height=\"300\" src=\"data:image\/svg+xml;base64,PHN2ZyB3aWR0aD0iMSIgaGVpZ2h0PSIxIiB4bWxucz0iaHR0cDovL3d3dy53My5vcmcvMjAwMC9zdmciPjwvc3ZnPg==\" style=\"--smush-placeholder-width: 40px; --smush-placeholder-aspect-ratio: 40\/300;\" \/><\/span><\/figure><\/div>\n\n\n\n<div class=\"wp-block-stackable-heading stk-block-heading stk-block-heading--v2 stk-block stk-65e6609\" id=\"email\" data-block-id=\"65e6609\"><style>.stk-65e6609{margin-bottom:16px !important}.stk-65e6609 .stk-block-heading__text{font-size:20px !important;color:var(--theme-palette-color-8,#ffffff) !important}@media screen and (max-width:999px){.stk-65e6609 .stk-block-heading__text{font-size:20px !important}}<\/style><h5 class=\"stk-block-heading__text has-text-color has-palette-color-8-color\">Email<\/h5><\/div>\n\n\n\n<div class=\"wp-block-stackable-text stk-block-text stk-block stk-dc2c22f\" data-block-id=\"dc2c22f\"><style>.stk-dc2c22f .stk-block-text__text{font-size:16px !important;color:var(--theme-palette-color-8,#ffffff) !important}@media screen and (max-width:999px){.stk-dc2c22f .stk-block-text__text{font-size:16px !important}}<\/style><p class=\"stk-block-text__text has-text-color has-palette-color-8-color\">hello@chatflow.agency<\/p><\/div>\n<\/div><\/div><\/div>\n\n\n\n<div class=\"wp-block-stackable-column stk-block-column stk-column stk-block stk-9646b4d\" data-v=\"4\" data-block-id=\"9646b4d\"><style>.stk-9646b4d-container{margin-top:0px !important;margin-right:0px !important;margin-bottom:0px !important;margin-left:0px !important}<\/style><div class=\"stk-column-wrapper stk-block-column__content stk-container stk-9646b4d-container stk--no-background stk--no-padding\"><div class=\"has-text-align-center stk-block-content stk-inner-blocks stk-9646b4d-inner-blocks\">\n<div class=\"wp-block-stackable-image stk-block-image stk-block stk-1ed4f0e\" data-block-id=\"1ed4f0e\"><style>.stk-1ed4f0e{margin-bottom:16px !important}.stk-1ed4f0e .stk-img-wrapper{width:40px !important}<\/style><figure><span class=\"stk-img-wrapper stk-image--shape-stretch\"><img decoding=\"async\" class=\"stk-img wp-image-294 lazyload\" data-src=\"https:\/\/chatflow.agency\/wp-content\/uploads\/2021\/07\/phone-icon.svg\" width=\"40\" height=\"300\" src=\"data:image\/svg+xml;base64,PHN2ZyB3aWR0aD0iMSIgaGVpZ2h0PSIxIiB4bWxucz0iaHR0cDovL3d3dy53My5vcmcvMjAwMC9zdmciPjwvc3ZnPg==\" style=\"--smush-placeholder-width: 40px; --smush-placeholder-aspect-ratio: 40\/300;\" \/><\/span><\/figure><\/div>\n\n\n\n<div class=\"wp-block-stackable-heading stk-block-heading stk-block-heading--v2 stk-block stk-43b0b49\" id=\"telefon\" data-block-id=\"43b0b49\"><style>.stk-43b0b49{margin-bottom:16px !important}.stk-43b0b49 .stk-block-heading__text{font-size:20px !important;color:var(--theme-palette-color-8,#ffffff) !important}@media screen and (max-width:999px){.stk-43b0b49 .stk-block-heading__text{font-size:20px !important}}<\/style><h5 class=\"stk-block-heading__text has-text-color has-palette-color-8-color\">Telefon<\/h5><\/div>\n\n\n\n<div class=\"wp-block-stackable-text stk-block-text stk-block stk-3d09c82\" data-block-id=\"3d09c82\"><style>.stk-3d09c82 .stk-block-text__text{font-size:16px !important;color:var(--theme-palette-color-8,#ffffff) !important}@media screen and (max-width:999px){.stk-3d09c82 .stk-block-text__text{font-size:16px !important}}<\/style><p class=\"stk-block-text__text has-text-color has-palette-color-8-color\">+43 sechs acht null 3279275<\/p><\/div>\n<\/div><\/div><\/div>\n<\/div><\/div>\n<\/div><\/div><\/div>\n<\/div><\/div>\n\n\n\n<div class=\"wp-block-stackable-spacer stk-block-spacer stk--no-padding stk-block stk-6a8268d\" data-block-id=\"6a8268d\"><style>.stk-6a8268d{height:130px !important}@media screen and (max-width:999px){.stk-6a8268d{height:70px !important}}<\/style><\/div>\n\n\n\n<div class=\"wp-block-stackable-text stk-block-text stk-block stk-77d462d\" data-block-id=\"77d462d\"><style>.stk-77d462d{margin-bottom:16px !important}.stk-77d462d .stk-block-text__text{color:var(--theme-palette-color-4,#000000) !important;font-weight:600 !important;text-transform:uppercase !important}<\/style><p class=\"stk-block-text__text has-text-color has-palette-color-4-color has-text-align-center\">Lass uns reden<\/p><\/div>\n\n\n\n<div class=\"wp-block-stackable-heading stk-block-heading stk-block-heading--v2 stk-block stk-02dc96b\" id=\"send-your-feedback\" data-block-id=\"02dc96b\"><style>.stk-02dc96b{margin-bottom:8px !important}@media screen and (max-width:999px){.stk-02dc96b .stk-block-heading__text{font-size:30px !important}}@media screen and (max-width:689px){.stk-02dc96b .stk-block-heading__text{font-size:25px !important}}<\/style><h2 class=\"stk-block-heading__text has-text-align-center\">Senden Sie Ihr Feedback<\/h2><\/div>\n\n\n\n<div class=\"wp-block-stackable-text stk-block-text stk-block stk-d6d22e0\" data-block-id=\"d6d22e0\"><style>.stk-d6d22e0{max-width:700px !important;margin-right:auto !important;margin-bottom:60px !important;margin-left:auto !important}@media screen and (max-width:689px){.stk-d6d22e0{margin-bottom:24px !important}}<\/style><p class=\"stk-block-text__text has-text-align-center\">Wir freuen uns \u00fcber Ihre Stimme. Wir versuchen st\u00e4ndig, unseren Service mit Ihrer Hilfe zu verbessern.<\/p><\/div>\n\n\n\n<div class=\"wp-block-stackable-columns stk-block-columns stk-block stk-971085f\" data-block-id=\"971085f\"><style>.stk-971085f{padding-top:0px !important;padding-right:0px !important;padding-bottom:0px !important;padding-left:0px !important;margin-bottom:0px !important}.stk-971085f-column{--stk-column-gap:35px !important;row-gap:35px !important}<\/style><div class=\"stk-row stk-inner-blocks stk-block-content stk-content-align stk-971085f-column\">\n<div class=\"wp-block-stackable-column stk-block-column stk-column stk-block stk-395ca3e\" data-v=\"4\" data-block-id=\"395ca3e\"><style>.stk-395ca3e-container{margin-top:0px !important;margin-right:0px !important;margin-bottom:0px !important;margin-left:0px !important}@media screen and (min-width:690px){.stk-395ca3e{flex:var(--stk-flex-grow,1) 1 calc(50% - var(--stk-column-gap,0px) * 1 \/ 2 ) !important}}<\/style><div class=\"stk-column-wrapper stk-block-column__content stk-container stk-395ca3e-container stk--no-background stk--no-padding\"><div class=\"stk-block-content stk-inner-blocks stk-395ca3e-inner-blocks\">\n<figure class=\"wp-block-image size-full\"><img decoding=\"async\" data-src=\"https:\/\/chatflow.agency\/wp-content\/uploads\/2024\/05\/metallic.png\" alt=\"\" class=\"wp-image-865 lazyload\" src=\"data:image\/svg+xml;base64,PHN2ZyB3aWR0aD0iMSIgaGVpZ2h0PSIxIiB4bWxucz0iaHR0cDovL3d3dy53My5vcmcvMjAwMC9zdmciPjwvc3ZnPg==\" style=\"--smush-placeholder-width: 1344px; --smush-placeholder-aspect-ratio: 1344\/896;\" \/><\/figure>\n<\/div><\/div><\/div>\n\n\n\n<div class=\"wp-block-stackable-column stk-block-column stk-column stk-block stk-f3a4e91\" data-v=\"4\" data-block-id=\"f3a4e91\"><style>.stk-f3a4e91-container{margin-top:0px !important;margin-right:0px !important;margin-bottom:0px !important;margin-left:0px !important}.stk-f3a4e91{padding-left:30px !important}@media screen and (min-width:690px){.stk-f3a4e91{flex:var(--stk-flex-grow,1) 1 calc(50% - var(--stk-column-gap,0px) * 1 \/ 2 ) !important}}@media screen and (max-width:689px){.stk-f3a4e91{padding-left:0px !important}}<\/style><div class=\"stk-column-wrapper stk-block-column__content stk-container stk-f3a4e91-container stk--no-background stk--no-padding\"><div class=\"stk-block-content stk-inner-blocks stk-f3a4e91-inner-blocks\">\n<div class=\"wp-block-contact-form-7-contact-form-selector\">\n<div class=\"wpcf7 no-js\" id=\"wpcf7-f829-o1\" lang=\"de-AT\" dir=\"ltr\" data-wpcf7-id=\"829\">\n<div class=\"screen-reader-response\"><p role=\"status\" aria-live=\"polite\" aria-atomic=\"true\"><\/p> <ul><\/ul><\/div>\n<form action=\"\/de\/wp-json\/wp\/v2\/pages\/571#wpcf7-f829-o1\" method=\"post\" class=\"wpcf7-form init\" aria-label=\"Kontakt Formular\" novalidate=\"novalidate\" data-status=\"init\" data-trp-original-action=\"\/de\/wp-json\/wp\/v2\/pages\/571#wpcf7-f829-o1\">\n<fieldset class=\"hidden-fields-container\"><input type=\"hidden\" name=\"_wpcf7\" value=\"829\" \/><input type=\"hidden\" name=\"_wpcf7_version\" value=\"6.1.5\" \/><input type=\"hidden\" name=\"_wpcf7_locale\" value=\"de_AT\" \/><input type=\"hidden\" name=\"_wpcf7_unit_tag\" value=\"wpcf7-f829-o1\" \/><input type=\"hidden\" name=\"_wpcf7_container_post\" value=\"0\" \/><input type=\"hidden\" name=\"_wpcf7_posted_data_hash\" value=\"\" \/>\n<\/fieldset>\n<p><label> Ihre E-Mail-Adresse<br \/>\n<span class=\"wpcf7-form-control-wrap\" data-name=\"your-email\"><input size=\"40\" maxlength=\"400\" class=\"wpcf7-form-control wpcf7-email wpcf7-validates-as-required wpcf7-text wpcf7-validates-as-email\" autocomplete=\"email\" aria-required=\"true\" aria-invalid=\"false\" value=\"\" type=\"email\" name=\"your-email\" \/><\/span> <\/label>\n<\/p>\n<p><label> Ihre Nachricht<br \/>\n<span class=\"wpcf7-form-control-wrap\" data-name=\"your-message\"><textarea cols=\"40\" rows=\"10\" maxlength=\"2000\" class=\"wpcf7-form-control wpcf7-textarea\" aria-invalid=\"false\" name=\"your-message\"><\/textarea><\/span> <\/label>\n<\/p>\n<p><input class=\"wpcf7-form-control wpcf7-submit has-spinner\" type=\"submit\" value=\"Einreichen\" \/>\n<\/p><div class=\"wpcf7-response-output\" aria-hidden=\"true\"><\/div>\n<input type=\"hidden\" name=\"trp-form-language\" value=\"de\"\/><\/form>\n<\/div>\n<\/div>\n<\/div><\/div><\/div>\n<\/div><\/div>\n\n\n\n<div class=\"wp-block-stackable-spacer stk-block-spacer stk--no-padding stk-block stk-e9ace08\" data-block-id=\"e9ace08\"><style>.stk-e9ace08{height:61px !important}<\/style><\/div>\n\n\n\n<div class=\"wp-block-stackable-map stk-block-map stk-block stk-98ff15e\" data-block-id=\"98ff15e\"><iframe\n\t\t\t\t\t\ttitle=\"Eingebettete Inhalte von der Google Maps Platform.\"\n\t\t\t\t\t\tsrc=\"https:\/\/maps.google.com\/maps?q=Ulrich-schreier-Stra\u00dfe 17 chatflow&#038;t=&#038;z=12&#038;ie=UTF8&#038;output=embed\"\n\t\t\t\t\t\tstyle=\"border:0;width:100%;max-width:none;max-height:none;height:100%;\"\n\t\t\t\t\t\taria-hidden=\"false\"\n\t\t\t\t\t\ttabindex=\"0\"\n\t\t\t\t\t\tallowfullscreen\n\t\t\t\t\t\tloading=\"lazy\"\n\t\t\t\t\t\tframeborder=\"0\"\n\t\t\t\t\t><\/iframe><\/div>\n\n\n\n<div class=\"wp-block-stackable-spacer stk-block-spacer stk--no-padding stk-block stk-c902222\" data-block-id=\"c902222\"><style>.stk-c902222{height:130px !important}@media screen and (max-width:999px){.stk-c902222{height:70px !important}}<\/style><\/div>\n\n\n\n<div class=\"wp-block-stackable-columns alignfull stk-block-columns stk-block stk-1dbdcfb stk-block-background stk--has-background-overlay\" data-block-id=\"1dbdcfb\"><style>.stk-1dbdcfb{background-color:transparent !important;background-image:url(https:\/\/chatflow.agency\/wp-content\/uploads\/2021\/07\/decorative-shape.svg) !important;background-position:center right !important;background-repeat:no-repeat !important;background-size:850px !important;padding-top:0px !important;padding-right:0px !important;padding-bottom:0px !important;padding-left:0px !important;margin-bottom:0px !important;overflow:visible !important}.stk-1dbdcfb:before{background-color:transparent !important;opacity:0.5 !important}.stk-1dbdcfb .stk-container{overflow:visible !important}@media screen and (max-width:999px){.stk-1dbdcfb{background-size:600px !important}}@media screen and (max-width:689px){.stk-1dbdcfb{background-size:400px !important}}<\/style><div class=\"stk-row stk-inner-blocks stk-block-content stk-content-align stk-1dbdcfb-column\"><\/div><\/div>","protected":false},"excerpt":{"rendered":"<p>Lass uns redenDein tolles Projekt Adresse Ulrich Schreier Stra\u00dfe 175020 Salzburg Email hello@chatflow.agency Telefon +43 six eight zero 3279275 Lass uns reden Sende uns dein Feedback Wir freuen uns \u00fcber deine Stimme. Wir sind st\u00e4ndig bem\u00fcht, unseren Service mit deiner Hilfe zu verbessern.<\/p>","protected":false},"author":1,"featured_media":0,"parent":0,"menu_order":0,"comment_status":"closed","ping_status":"closed","template":"","meta":{"footnotes":""},"folder":[],"class_list":["post-571","page","type-page","status-publish","hentry"],"blocksy_meta":{"styles_descriptor":{"styles":{"desktop":"","tablet":"","mobile":""},"google_fonts":[],"version":6},"page_title_panel":"","has_hero_section":"disabled","839a7d51b0bfd88a1903c1a9924cd5bf":"","hero_section":"type-1","hero_elements":[{"id":"custom_title","enabled":true,"heading_tag":"h1","title":"Heim"},{"id":"custom_description","enabled":true,"description_visibility":{"desktop":true,"tablet":true,"mobile":false}},{"id":"custom_meta","enabled":false,"meta_elements":[{"id":"author","enabled":true,"label":"By","has_author_avatar":"yes","avatar_size":25},{"id":"post_date","enabled":true,"label":"On","date_format_source":"default","date_format":"M j, Y"},{"id":"updated_date","enabled":false,"label":"On","date_format_source":"default","date_format":"M j, Y"},{"id":"categories","enabled":false,"label":"In","style":"simple"},{"id":"comments","enabled":true}],"page_meta_elements":{"joined":true,"articles_count":true,"comments":true}},{"id":"breadcrumbs","enabled":false}],"9ce6b35c2b690dfb222669425cda6cf3":"","hero_alignment1":"CT_CSS_SKIP_RULE","hero_margin":40,"hero_alignment2":"center","hero_vertical_alignment":"center","2444c5d730e231f971268a93b5085f39":"","hero_structure":"narrow","e40a36985f7c43dae473ef23c34538c6":"","page_title_bg_type":"featured_image","custom_hero_background":{"attachment_id":null},"parallax":{"desktop":false,"tablet":false,"mobile":false},"0ff2609f549f607358743587ec10b4b6":"","hero_height":"250px","pageTitleFont":{"family":"Default","variation":"Default","size":"30px","line-height":"CT_CSS_SKIP_RULE","letter-spacing":"CT_CSS_SKIP_RULE","text-transform":"CT_CSS_SKIP_RULE","text-decoration":"CT_CSS_SKIP_RULE"},"pageTitleFontColor":{"default":{"color":"CT_CSS_SKIP_RULEDEFAULT"}},"pageMetaFont":{"family":"Default","variation":"n6","size":"12px","line-height":"1.3","letter-spacing":"CT_CSS_SKIP_RULE","text-transform":"uppercase","text-decoration":"CT_CSS_SKIP_RULE"},"pageMetaFontColor":{"default":{"color":"CT_CSS_SKIP_RULEDEFAULT"},"hover":{"color":"CT_CSS_SKIP_RULEDEFAULT"}},"page_meta_button_type_font_colors":{"default":{"color":"CT_CSS_SKIP_RULEDEFAULT"},"hover":{"color":"CT_CSS_SKIP_RULEDEFAULT"}},"page_meta_button_type_background_colors":{"default":{"color":"CT_CSS_SKIP_RULEDEFAULT"},"hover":{"color":"CT_CSS_SKIP_RULEDEFAULT"}},"pageExcerptFont":{"family":"Default","variation":"Default","size":"CT_CSS_SKIP_RULE","line-height":"CT_CSS_SKIP_RULE","letter-spacing":"CT_CSS_SKIP_RULE","text-transform":"CT_CSS_SKIP_RULE","text-decoration":"CT_CSS_SKIP_RULE"},"pageExcerptColor":{"default":{"color":"CT_CSS_SKIP_RULEDEFAULT"}},"breadcrumbsFont":{"family":"Default","variation":"Default","size":"CT_CSS_SKIP_RULE","line-height":"CT_CSS_SKIP_RULE","letter-spacing":"CT_CSS_SKIP_RULE","text-transform":"CT_CSS_SKIP_RULE","text-decoration":"CT_CSS_SKIP_RULE"},"breadcrumbsFontColor":{"default":{"color":"CT_CSS_SKIP_RULEDEFAULT"},"initial":{"color":"CT_CSS_SKIP_RULEDEFAULT"},"hover":{"color":"CT_CSS_SKIP_RULEDEFAULT"}},"pageTitleOverlay":{"background_type":"color","background_pattern":"type-1","background_image":{"attachment_id":null,"x":0,"y":0},"gradient":"linear-gradient(135deg,rgba(6,147,227,1) 0%,rgb(155,81,224) 100%)","background_repeat":"repeat","background_size":"auto","background_attachment":"scroll","patternColor":{"default":{"color":"#e5e7ea"}},"overlayColor":{"default":{"color":"CT_CSS_SKIP_RULE"}},"backgroundColor":{"default":{"color":"CT_CSS_SKIP_RULE"}}},"pageTitleBackground":{"background_type":"color","background_pattern":"type-1","background_image":{"attachment_id":null,"x":0,"y":0},"gradient":"linear-gradient(135deg,rgba(6,147,227,1) 0%,rgb(155,81,224) 100%)","background_repeat":"repeat","background_size":"auto","background_attachment":"scroll","patternColor":{"default":{"color":"#e5e7ea"}},"overlayColor":{"default":{"color":"CT_CSS_SKIP_RULE"}},"backgroundColor":{"default":{"color":"var(--theme-palette-color-6)"}}},"pageTitlePadding":{"top":"50px","bottom":"50px","left":"auto","right":"auto","linked":true},"4a65ecdfab8a002d7a371af001a0a932":"","page_structure_type":"default","1d421f8915b07a1791185dd1ccf92dae":"","content_style_source":"inherit","content_style":"wide","vertical_spacing_source":"custom","content_area_spacing":"none","background":{"background_type":"color","background_pattern":"type-1","background_image":{"attachment_id":null,"x":0,"y":0},"gradient":"linear-gradient(135deg,rgba(6,147,227,1) 0%,rgb(155,81,224) 100%)","background_repeat":"repeat","background_size":"auto","background_attachment":"scroll","patternColor":{"default":{"color":"#e5e7ea"}},"overlayColor":{"default":{"color":"CT_CSS_SKIP_RULE"}},"backgroundColor":{"default":{"color":"CT_CSS_SKIP_RULE"}}},"content_background":{"background_type":"color","background_pattern":"type-1","background_image":{"attachment_id":null,"x":0,"y":0},"gradient":"linear-gradient(135deg,rgba(6,147,227,1) 0%,rgb(155,81,224) 100%)","background_repeat":"repeat","background_size":"auto","background_attachment":"scroll","patternColor":{"default":{"color":"#e5e7ea"}},"overlayColor":{"default":{"color":"CT_CSS_SKIP_RULE"}},"backgroundColor":{"default":{"color":"var(--theme-palette-color-8)"}}},"content_boxed_shadow":{"inherit":false,"blur":18,"spread":-6,"v_offset":12,"h_offset":0,"inset":false,"enable":true,"color":{"color":"rgba(34, 56, 101, 0.04)"}},"boxed_content_spacing":{"desktop":{"top":"40px","bottom":"40px","left":"40px","right":"40px","linked":true},"tablet":{"top":"35px","bottom":"35px","left":"35px","right":"35px","linked":true},"mobile":{"top":"20px","bottom":"20px","left":"20px","right":"20px","linked":true}},"content_boxed_radius":{"top":"3px","bottom":"3px","left":"3px","right":"3px","linked":true},"bff58046c813f5853af44ba3a835ce9b":"","disable_featured_image":"no","disable_share_box":"no","disable_header":"no","disable_footer":"no"},"_links":{"self":[{"href":"https:\/\/chatflow.agency\/de\/wp-json\/wp\/v2\/pages\/571","targetHints":{"allow":["GET"]}}],"collection":[{"href":"https:\/\/chatflow.agency\/de\/wp-json\/wp\/v2\/pages"}],"about":[{"href":"https:\/\/chatflow.agency\/de\/wp-json\/wp\/v2\/types\/page"}],"author":[{"embeddable":true,"href":"https:\/\/chatflow.agency\/de\/wp-json\/wp\/v2\/users\/1"}],"replies":[{"embeddable":true,"href":"https:\/\/chatflow.agency\/de\/wp-json\/wp\/v2\/comments?post=571"}],"version-history":[{"count":9,"href":"https:\/\/chatflow.agency\/de\/wp-json\/wp\/v2\/pages\/571\/revisions"}],"predecessor-version":[{"id":1347,"href":"https:\/\/chatflow.agency\/de\/wp-json\/wp\/v2\/pages\/571\/revisions\/1347"}],"wp:attachment":[{"href":"https:\/\/chatflow.agency\/de\/wp-json\/wp\/v2\/media?parent=571"}],"wp:term":[{"taxonomy":"folder","embeddable":true,"href":"https:\/\/chatflow.agency\/de\/wp-json\/wp\/v2\/folder?post=571"}],"curies":[{"name":"wp","href":"https:\/\/api.w.org\/{rel}","templated":true}]}}