{"id":1900,"date":"2025-01-17T22:56:24","date_gmt":"2025-01-17T21:56:24","guid":{"rendered":"https:\/\/chatflow.agency\/?page_id=1900"},"modified":"2025-01-19T13:03:43","modified_gmt":"2025-01-19T12:03:43","slug":"flowguard-datenschutzrichtlinie","status":"publish","type":"page","link":"https:\/\/chatflow.agency\/de\/flowguard-datenschutzrichtlinie\/","title":{"rendered":"FlowGuard Chrome Extension Datenschutzrichtlinie"},"content":{"rendered":"<h1 class=\"wp-block-heading\" id=\"privacy-policy-for-timebank\">Datenschutzrichtlinie f\u00fcr FlowGuard<\/h1>\n\n\n\n<p><strong>Zuletzt aktualisiert:<\/strong> 19.01.2025<\/p>\n\n\n\n<p><strong>Einf\u00fchrung<\/strong><\/p>\n\n\n\n<p>FlowGuard (\"wir\", \"uns\" oder \"unser\") verpflichtet sich, deine Daten zu sch\u00fctzen. Diese Datenschutzrichtlinie erkl\u00e4rt, welche Informationen wir sammeln, wenn du unsere Chrome-Erweiterung nutzt, wie wir diese Informationen verwenden und welche M\u00f6glichkeiten du hast.<\/p>\n\n\n\n<p><strong>1. Informationen, die wir sammeln<\/strong><\/p>\n\n\n\n<p>Wir sammeln die folgenden Informationen, um die Funktionen von FlowGuard bereitzustellen und zu verbessern:<\/p>\n\n\n\n<ul class=\"wp-block-list\">\n<li><strong>Browsing-Daten:<\/strong>\n<ul class=\"wp-block-list\">\n<li>URLs von Websites, die du besuchst und die zeitlichen Beschr\u00e4nkungen oder Sperrungen unterworfen sind.<\/li>\n\n\n\n<li>Auf diesen Websites verbrachte Zeit.<\/li>\n<\/ul>\n<\/li>\n\n\n\n<li><strong>Aufgaben- und Einstellungsdaten:<\/strong>\n<ul class=\"wp-block-list\">\n<li>Aufgaben, die du mit der Erweiterung erstellst.<\/li>\n\n\n\n<li>Deine Pr\u00e4ferenzen und Einstellungen f\u00fcr die Verwaltung des Website-Zugangs und des Time-Bankings.<\/li>\n<\/ul>\n<\/li>\n<\/ul>\n\n\n\n<p><strong>2. Wie wir die Informationen verwenden<\/strong><\/p>\n\n\n\n<p>Wir verwenden die gesammelten Informationen ausschlie\u00dflich, um:<\/p>\n\n\n\n<ul class=\"wp-block-list\">\n<li><strong>Biete die wichtigsten Funktionen:<\/strong>\n<ul class=\"wp-block-list\">\n<li>Verwalte deine Aufgaben.<\/li>\n\n\n\n<li>Verfolge und erzwinge Zeitlimits f\u00fcr bestimmte Websites.<\/li>\n\n\n\n<li>Behalte dein Zeitguthaben im Auge.<\/li>\n\n\n\n<li>Blockiere Websites basierend auf deinen Konfigurationen.<\/li>\n<\/ul>\n<\/li>\n\n\n\n<li><strong>Verbessere die Erweiterung:<\/strong>\n<ul class=\"wp-block-list\">\n<li>Verbessere die Funktionalit\u00e4t und das Nutzererlebnis auf der Grundlage der Nutzungsmuster.<\/li>\n<\/ul>\n<\/li>\n<\/ul>\n\n\n\n<p><strong>3. Datenspeicherung und Sicherheit<\/strong><\/p>\n\n\n\n<ul class=\"wp-block-list\">\n<li><strong>Lokale Lagerung:<\/strong>\n<ul class=\"wp-block-list\">\n<li>Alle Daten werden mithilfe der Speicher-API von Chrome lokal auf deinem Ger\u00e4t gespeichert.<\/li>\n\n\n\n<li>Es werden keine Daten an externe Server \u00fcbertragen.<\/li>\n<\/ul>\n<\/li>\n\n\n\n<li><strong>Ma\u00dfnahmen zur Datensicherheit:<\/strong>\n<ul class=\"wp-block-list\">\n<li>Wir setzen branchen\u00fcbliche Sicherheitspraktiken ein, um deine Daten innerhalb der Erweiterung zu sch\u00fctzen.<\/li>\n\n\n\n<li>Der Zugriff auf die Daten ist auf die Funktionalit\u00e4ten der Erweiterung beschr\u00e4nkt und f\u00fcr Unbefugte nicht zug\u00e4nglich.<\/li>\n<\/ul>\n<\/li>\n<\/ul>\n\n\n\n<p><strong>4. Informationsaustausch und Offenlegung<\/strong><\/p>\n\n\n\n<ul class=\"wp-block-list\">\n<li><strong>Keine Weitergabe an Dritte:<\/strong>\n<ul class=\"wp-block-list\">\n<li>Wir teilen, verkaufen, vermieten oder verleasen keine pers\u00f6nlichen oder sensiblen Nutzerdaten mit Dritten.<\/li>\n<\/ul>\n<\/li>\n\n\n\n<li><strong>Keine externe \u00dcbertragung:<\/strong>\n<ul class=\"wp-block-list\">\n<li>Da alle Daten lokal gespeichert werden, gibt es keine \u00dcbertragung deiner Daten an externe Server oder Dienste.<\/li>\n<\/ul>\n<\/li>\n<\/ul>\n\n\n\n<p><strong>5. Erforderliche Genehmigungen<\/strong><\/p>\n\n\n\n<p>FlowGuard ben\u00f6tigt bestimmte Berechtigungen, um korrekt zu funktionieren:<\/p>\n\n\n\n<ul class=\"wp-block-list\">\n<li><strong>&#8220;<code>&lt;all_urls><\/code>&#8220;:<\/strong>\n<ul class=\"wp-block-list\">\n<li>Zur \u00dcberwachung und Verwaltung des Zugriffs auf Websites f\u00fcr die Zeitbanking-Funktion.<\/li>\n<\/ul>\n<\/li>\n\n\n\n<li><strong>&#8220;<code>Registerkarten<\/code>&#8220;:<\/strong>\n<ul class=\"wp-block-list\">\n<li>Um aktive Tabs zu \u00fcberpr\u00fcfen und Zeitbeschr\u00e4nkungen f\u00fcr Websites einzuf\u00fchren.<\/li>\n<\/ul>\n<\/li>\n\n\n\n<li><strong>&#8220;<code>webNavigation<\/code>&#8220;:<\/strong>\n<ul class=\"wp-block-list\">\n<li>Um das Laden von Seiten zu erkennen und Zeitbeschr\u00e4nkungen durchzusetzen.<\/li>\n<\/ul>\n<\/li>\n\n\n\n<li><strong>&#8220;<code>Lagerung<\/code>&#8220;:<\/strong>\n<ul class=\"wp-block-list\">\n<li>Um deine Aufgaben, Einstellungen und Zeitbankdaten lokal zu speichern.<\/li>\n<\/ul>\n<\/li>\n<\/ul>\n\n\n\n<p>Wir fordern nur die Mindestberechtigungen an, die notwendig sind, um die Funktionalit\u00e4t der Erweiterung zu gew\u00e4hrleisten.<\/p>\n\n\n\n<p><strong>6. Einhaltung der Nutzerdatenrichtlinie von Google<\/strong><\/p>\n\n\n\n<p>Wir halten uns an die Nutzerdatenrichtlinie des Chrome Web Stores, einschlie\u00dflich der Anforderungen zur eingeschr\u00e4nkten Nutzung:<\/p>\n\n\n\n<ul class=\"wp-block-list\">\n<li><strong>Erlaubte Nutzung:<\/strong>\n<ul class=\"wp-block-list\">\n<li>Die Informationen werden ausschlie\u00dflich dazu verwendet, die nutzerorientierten Funktionen von FlowGuard bereitzustellen oder zu verbessern.<\/li>\n<\/ul>\n<\/li>\n\n\n\n<li><strong>Erlaubte \u00dcbertragung:<\/strong>\n<ul class=\"wp-block-list\">\n<li>Wir geben keine pers\u00f6nlichen oder sensiblen Nutzerdaten an Dritte weiter, es sei denn, dies ist aus Sicherheitsgr\u00fcnden oder aufgrund gesetzlicher Bestimmungen erforderlich.<\/li>\n<\/ul>\n<\/li>\n\n\n\n<li><strong>Verbotene Praktiken:<\/strong>\n<ul class=\"wp-block-list\">\n<li>Wir verwenden keine personenbezogenen Daten f\u00fcr Werbezwecke.<\/li>\n\n\n\n<li>Wir gew\u00e4hren Menschen keinen Zugang zu personenbezogenen Daten, au\u00dfer unter den folgenden Umst\u00e4nden:\n<ul class=\"wp-block-list\">\n<li><strong>Mit dem Einverst\u00e4ndnis der Nutzer:<\/strong> Wenn du uns um Unterst\u00fctzung bittest und deine ausdr\u00fcckliche Zustimmung gibst.<\/li>\n\n\n\n<li><strong>Zu Sicherheitszwecken:<\/strong> Um m\u00f6gliche Verst\u00f6\u00dfe gegen unsere Richtlinien oder Nutzungsbedingungen zu untersuchen oder zu beheben.<\/li>\n<\/ul>\n<\/li>\n<\/ul>\n<\/li>\n<\/ul>\n\n\n\n<p><strong>7. Datenspeicherung<\/strong><\/p>\n\n\n\n<ul class=\"wp-block-list\">\n<li><strong>Lokale Daten:<\/strong>\n<ul class=\"wp-block-list\">\n<li>Die Daten werden so lange auf deinem Ger\u00e4t gespeichert, wie du die Erweiterung installiert hast.<\/li>\n\n\n\n<li>Wenn du die Erweiterung deinstallierst, werden alle lokal gespeicherten Daten gel\u00f6scht.<\/li>\n<\/ul>\n<\/li>\n<\/ul>\n\n\n\n<p><strong>8. Deine Wahlm\u00f6glichkeiten<\/strong><\/p>\n\n\n\n<ul class=\"wp-block-list\">\n<li><strong>Datenzugang:<\/strong>\n<ul class=\"wp-block-list\">\n<li>Du kannst deine Aufgaben, Einstellungen und Zeitbankdaten direkt in der Erweiterung einsehen und verwalten.<\/li>\n<\/ul>\n<\/li>\n\n\n\n<li><strong>L\u00f6schung von Daten:<\/strong>\n<ul class=\"wp-block-list\">\n<li>Um alle Daten zu l\u00f6schen, kannst du die Erweiterung aus deinem Browser deinstallieren.<\/li>\n<\/ul>\n<\/li>\n<\/ul>\n\n\n\n<p><strong>9. \u00c4nderungen an dieser Datenschutzrichtlinie<\/strong><\/p>\n\n\n\n<p>Wir k\u00f6nnen diese Datenschutzrichtlinie von Zeit zu Zeit aktualisieren. Alle \u00c4nderungen werden auf dieser Seite mit einem aktualisierten G\u00fcltigkeitsdatum ver\u00f6ffentlicht. Wir empfehlen dir, diese Datenschutzrichtlinie regelm\u00e4\u00dfig zu \u00fcberpr\u00fcfen.<\/p>\n\n\n\n<p><strong>10. Kontakt<\/strong><\/p>\n\n\n\n<p>Wenn du Fragen oder Bedenken zu dieser Datenschutzrichtlinie oder unseren Datenpraktiken hast, kontaktiere uns bitte unter:<\/p>\n\n\n\n<p><strong>Adresse:<\/strong> Ulrich-Schreier-Stra\u00dfe 17, 5020 Salzburg, \u00d6sterreich<\/p>\n\n\n\n<p><strong>E-Mail:<\/strong> <a href=\"mailto:flowguard@chatflow.agency\">flowguard@chatflow.agency<\/a><\/p>\n\n\n\n<p><\/p>","protected":false},"excerpt":{"rendered":"<p>Privacy Policy for FlowGuard Last Updated: 19.01.2025 Introduction FlowGuard (&#8220;we,&#8221; &#8220;us,&#8221; or &#8220;our&#8221;) is committed to protecting your privacy. This Privacy Policy explains what information we collect when you use our Chrome extension, how we use that information, and the choices you have. 1. Information We Collect We collect the following information to provide and [&hellip;]<\/p>\n","protected":false},"author":1,"featured_media":0,"parent":0,"menu_order":0,"comment_status":"closed","ping_status":"closed","template":"","meta":{"footnotes":""},"folder":[98],"class_list":["post-1900","page","type-page","status-publish","hentry"],"blocksy_meta":[],"_links":{"self":[{"href":"https:\/\/chatflow.agency\/de\/wp-json\/wp\/v2\/pages\/1900","targetHints":{"allow":["GET"]}}],"collection":[{"href":"https:\/\/chatflow.agency\/de\/wp-json\/wp\/v2\/pages"}],"about":[{"href":"https:\/\/chatflow.agency\/de\/wp-json\/wp\/v2\/types\/page"}],"author":[{"embeddable":true,"href":"https:\/\/chatflow.agency\/de\/wp-json\/wp\/v2\/users\/1"}],"replies":[{"embeddable":true,"href":"https:\/\/chatflow.agency\/de\/wp-json\/wp\/v2\/comments?post=1900"}],"version-history":[{"count":2,"href":"https:\/\/chatflow.agency\/de\/wp-json\/wp\/v2\/pages\/1900\/revisions"}],"predecessor-version":[{"id":1920,"href":"https:\/\/chatflow.agency\/de\/wp-json\/wp\/v2\/pages\/1900\/revisions\/1920"}],"wp:attachment":[{"href":"https:\/\/chatflow.agency\/de\/wp-json\/wp\/v2\/media?parent=1900"}],"wp:term":[{"taxonomy":"folder","embeddable":true,"href":"https:\/\/chatflow.agency\/de\/wp-json\/wp\/v2\/folder?post=1900"}],"curies":[{"name":"wp","href":"https:\/\/api.w.org\/{rel}","templated":true}]}}