{"id":1898,"date":"2025-01-15T23:50:00","date_gmt":"2025-01-15T22:50:00","guid":{"rendered":"https:\/\/chatflow.agency\/?page_id=1898"},"modified":"2025-01-17T23:34:46","modified_gmt":"2025-01-17T22:34:46","slug":"browser-erweiterung-flowguard-fokus-zeit-belohnungen","status":"publish","type":"page","link":"https:\/\/chatflow.agency\/de\/browser-erweiterung-flowguard-fokus-zeit-belohnungen\/","title":{"rendered":"Browser-Erweiterung \"FlowGuard: Fokus Zeit Belohnungen\""},"content":{"rendered":"<p>Ver\u00e4ndere deine Surfgewohnheiten mit FlowGuard, einer innovativen Erweiterung, die dir hilft, Produktivit\u00e4t und Freizeit durch ein einzigartiges Aufgaben-Belohnungs-System auszugleichen. Erledige Aufgaben, verschaffe dir Zeit zum Surfen und behalte deine Konzentration - alles in einem einzigen, nahtlosen Erlebnis.<\/p>\n\n\n\n<p><a href=\"https:\/\/addons.mozilla.org\/en-GB\/firefox\/addon\/flowguard-focus-time-rewards\/\" rel=\"nofollow noopener\" target=\"_blank\">Firefox Erweiterung<\/a><\/p>\n\n\n\n<p><a href=\"\/de\/flowguard-datenschutzrichtlinie\/\">FlowGuard Datenschutzrichtlinie<\/a><\/p>\n\n\n\n<div class=\"wp-block-stackable-columns stk-block-columns stk-block stk-ec0dc66\" data-block-id=\"ec0dc66\"><div class=\"stk-row stk-inner-blocks stk-block-content stk-content-align stk-ec0dc66-column\">\n<div class=\"wp-block-stackable-column stk-block-column stk-column stk-block stk-5d4fad0\" data-v=\"4\" data-block-id=\"5d4fad0\"><div class=\"stk-column-wrapper stk-block-column__content stk-container stk-5d4fad0-container stk--no-background stk--no-padding\"><div class=\"stk-block-content stk-inner-blocks stk-5d4fad0-inner-blocks\">\n<div class=\"wp-block-stackable-call-to-action stk-block-call-to-action stk-block stk-3049315 is-style-default\" data-v=\"2\" data-block-id=\"3049315\"><div class=\"stk-block-call-to-action__content stk-content-align stk-3049315-column stk-container stk-3049315-container stk-hover-parent\"><div class=\"has-text-align-center stk-block-content stk-inner-blocks stk-3049315-inner-blocks\">\n<div class=\"wp-block-stackable-heading stk-block-heading stk-block-heading--v2 stk-block stk-e7f055c\" id=\"support\" data-block-id=\"e7f055c\"><h3 class=\"stk-block-heading__text\">Unterst\u00fctze<\/h3><\/div>\n\n\n\n<div class=\"wp-block-stackable-text stk-block-text stk-block stk-d01be6d\" data-block-id=\"d01be6d\"><p class=\"stk-block-text__text\">FlowGuard ist kostenlos.  Wenn du es hilfreich findest, solltest du seine Entwicklung unterst\u00fctzen. Jeder Beitrag hilft, die Erweiterung zu erhalten und zu verbessern!<\/p><\/div>\n\n\n\n<div class=\"wp-block-stackable-button-group stk-block-button-group stk-block stk-00d4544\" data-block-id=\"00d4544\"><style>.stk-00d4544 .stk-button-group{flex-direction:row !important;}@media screen and (max-width:999px){.stk-00d4544 .stk-button-group{flex-direction:row !important;}}@media screen and (max-width:689px){.stk-00d4544 .stk-button-group{flex-direction:row !important;}}<\/style><div class=\"stk-row stk-inner-blocks stk-block-content stk-button-group\">\n<div class=\"wp-block-stackable-button stk-block-button contact-popup stk-block stk-424f927\" data-block-id=\"424f927\"><a class=\"stk-link stk-button stk--hover-effect-darken\" href=\"\"><span class=\"stk-button__inner-text\">Kontaktiere uns<\/span><\/a><\/div>\n<\/div><\/div>\n<\/div><\/div><\/div>\n<\/div><\/div><\/div>\n<\/div><\/div>\n\n\n\n<div class=\"wp-block-stackable-image stk-block-image stk-block stk-5f9355b\" data-block-id=\"5f9355b\"><figure><span class=\"stk-img-wrapper stk-image--shape-stretch\"><img decoding=\"async\" class=\"stk-img wp-image-1903 lazyload\" data-src=\"https:\/\/chatflow.agency\/wp-content\/uploads\/2025\/01\/Screenshot-2025-01-17-at-16.56.12.png\" width=\"1884\" height=\"1544\" data-srcset=\"https:\/\/chatflow.agency\/wp-content\/uploads\/2025\/01\/Screenshot-2025-01-17-at-16.56.12.png 1884w, https:\/\/chatflow.agency\/wp-content\/uploads\/2025\/01\/Screenshot-2025-01-17-at-16.56.12-300x246.png 300w, https:\/\/chatflow.agency\/wp-content\/uploads\/2025\/01\/Screenshot-2025-01-17-at-16.56.12-1024x839.png 1024w, https:\/\/chatflow.agency\/wp-content\/uploads\/2025\/01\/Screenshot-2025-01-17-at-16.56.12-768x629.png 768w, https:\/\/chatflow.agency\/wp-content\/uploads\/2025\/01\/Screenshot-2025-01-17-at-16.56.12-1536x1259.png 1536w, https:\/\/chatflow.agency\/wp-content\/uploads\/2025\/01\/Screenshot-2025-01-17-at-16.56.12-15x12.png 15w\" data-sizes=\"auto, (max-width: 1884px) 100vw, 1884px\" src=\"data:image\/svg+xml;base64,PHN2ZyB3aWR0aD0iMSIgaGVpZ2h0PSIxIiB4bWxucz0iaHR0cDovL3d3dy53My5vcmcvMjAwMC9zdmciPjwvc3ZnPg==\" style=\"--smush-placeholder-width: 1884px; --smush-placeholder-aspect-ratio: 1884\/1544;\" \/><\/span><\/figure><\/div>\n\n\n\n<p>? Hauptmerkmale:<\/p>\n\n\n\n<ul class=\"wp-block-list\">\n<li>Aufgabenbasierte Website-Kontrolle: Verdiene dir Zugang zu Freizeit-Websites, indem du deine Aufgaben erf\u00fcllst.<\/li>\n\n\n\n<li>Smart Time Bank: Verwalte deine Browsing-Zeit mit einem intelligenten Belohnungssystem<\/li>\n\n\n\n<li>Pomodoro Integration: Eingebaute 25-min\u00fctige Fokus-Sessions f\u00fcr optimale Produktivit\u00e4t<\/li>\n\n\n\n<li>Streak-System: Entwickle best\u00e4ndige Gewohnheiten und verdiene dir einen Bonus beim Browsen<\/li>\n\n\n\n<li>Fortschrittsverfolgung in Echtzeit: \u00dcberwache deine Produktivit\u00e4tsentwicklung<\/li>\n<\/ul>\n\n\n\n<p>\u26a1 So funktioniert es:<\/p>\n\n\n\n<ol class=\"wp-block-list\">\n<li>Erstelle deine ToDo-Aufgaben<\/li>\n\n\n\n<li>Fokussierte Arbeitssitzungen (25+ Minuten)<\/li>\n\n\n\n<li>Verdiene Zeit zum Surfen als Belohnung<\/li>\n\n\n\n<li>Nutze verdiente Zeit auf deinen Lieblingsseiten<\/li>\n\n\n\n<li>Erstelle Streifen f\u00fcr Bonuszeit (kommt bald)<\/li>\n<\/ol>\n\n\n\n<p>? Smart Features:<\/p>\n\n\n\n<ul class=\"wp-block-list\">\n<li>Automatisierte Zeitauff\u00fcllung<\/li>\n\n\n\n<li>T\u00e4gliches R\u00fcckstellungssystem<\/li>\n\n\n\n<li>Visuelle Countdown-Timer<\/li>\n\n\n\n<li>Anpassbare Aufgabendauer<\/li>\n\n\n\n<li>Priorit\u00e4tsbasierte Aufgabenverwaltung<\/li>\n<\/ul>\n\n\n\n<p>? Progress Insights: (kommt bald)<\/p>\n\n\n\n<ul class=\"wp-block-list\">\n<li>T\u00e4gliche Abschlusskennzahlen<\/li>\n\n\n\n<li>Streak-Verfolgung<\/li>\n\n\n\n<li>Zeitguthaben<\/li>\n\n\n\n<li>Aufgabe Geschichte<\/li>\n<\/ul>\n\n\n\n<p>? Schlankes Design:<\/p>\n\n\n\n<ul class=\"wp-block-list\">\n<li>Schnell zug\u00e4ngliche Popup-Oberfl\u00e4che<\/li>\n\n\n\n<li>Restzeitanzeige l\u00f6schen<\/li>\n\n\n\n<li>Nicht-intrusives Blocking Overlay<\/li>\n\n\n\n<li>Einfache Aufgabenverwaltung<\/li>\n<\/ul>\n\n\n\n<p>?\ufe0f Datenschutz geht vor:<\/p>\n\n\n\n<ul class=\"wp-block-list\">\n<li>Kein Konto erforderlich<\/li>\n\n\n\n<li>Null Datenerhebung<\/li>\n\n\n\n<li>Vollst\u00e4ndig offline<\/li>\n\n\n\n<li>Nur-Browser-Betrieb<\/li>\n<\/ul>\n\n\n\n<p>Perfekt f\u00fcr:<\/p>\n\n\n\n<ul class=\"wp-block-list\">\n<li>Studierende brauchen ein Gleichgewicht zwischen Studium und Freizeit<\/li>\n\n\n\n<li>Fachkr\u00e4fte, die mit digitalen Ablenkungen umgehen<\/li>\n\n\n\n<li>Jeder, der bessere Online-Gewohnheiten entwickelt<\/li>\n\n\n\n<li>Fokus-Suchende und Produktivit\u00e4ts-Enthusiasten<\/li>\n<\/ul>\n\n\n\n<p><\/p>\n\n\n\n<p><\/p>","protected":false},"excerpt":{"rendered":"<p>Transform your browsing habits with FlowGuard, an innovative extension that helps you balance productivity and leisure through a unique task-reward system. Complete tasks, earn browsing time, and maintain focus all in one seamless experience. Firefox Extension FlowGuard Privacy Policy Support FlowGuard is free. If you find it helpful, consider supporting its development. Every contribution helps [&hellip;]<\/p>\n","protected":false},"author":1,"featured_media":0,"parent":0,"menu_order":0,"comment_status":"closed","ping_status":"closed","template":"","meta":{"footnotes":""},"folder":[98],"class_list":["post-1898","page","type-page","status-publish","hentry"],"blocksy_meta":[],"_links":{"self":[{"href":"https:\/\/chatflow.agency\/de\/wp-json\/wp\/v2\/pages\/1898","targetHints":{"allow":["GET"]}}],"collection":[{"href":"https:\/\/chatflow.agency\/de\/wp-json\/wp\/v2\/pages"}],"about":[{"href":"https:\/\/chatflow.agency\/de\/wp-json\/wp\/v2\/types\/page"}],"author":[{"embeddable":true,"href":"https:\/\/chatflow.agency\/de\/wp-json\/wp\/v2\/users\/1"}],"replies":[{"embeddable":true,"href":"https:\/\/chatflow.agency\/de\/wp-json\/wp\/v2\/comments?post=1898"}],"version-history":[{"count":4,"href":"https:\/\/chatflow.agency\/de\/wp-json\/wp\/v2\/pages\/1898\/revisions"}],"predecessor-version":[{"id":1907,"href":"https:\/\/chatflow.agency\/de\/wp-json\/wp\/v2\/pages\/1898\/revisions\/1907"}],"wp:attachment":[{"href":"https:\/\/chatflow.agency\/de\/wp-json\/wp\/v2\/media?parent=1898"}],"wp:term":[{"taxonomy":"folder","embeddable":true,"href":"https:\/\/chatflow.agency\/de\/wp-json\/wp\/v2\/folder?post=1898"}],"curies":[{"name":"wp","href":"https:\/\/api.w.org\/{rel}","templated":true}]}}